{"id":5897,"date":"2025-02-13T09:09:53","date_gmt":"2025-02-13T09:09:53","guid":{"rendered":"https:\/\/skyaviation.aero\/?page_id=5897"},"modified":"2025-02-14T07:53:13","modified_gmt":"2025-02-14T07:53:13","slug":"order-test-package","status":"publish","type":"page","link":"https:\/\/skyaviation.aero\/tr\/order-test-package\/","title":{"rendered":"Order Test Package"},"content":{"rendered":"<div data-elementor-type=\"wp-page\" data-elementor-id=\"5897\" class=\"elementor elementor-5897\">\n\t\t\t\t\t\t<section class=\"elementor-section elementor-top-section elementor-element elementor-element-7605b6a elementor-section-boxed elementor-section-height-default elementor-section-height-default\" data-id=\"7605b6a\" data-element_type=\"section\">\n\t\t\t\t\t\t<div class=\"elementor-container elementor-column-gap-default\">\n\t\t\t\t\t<div class=\"elementor-column elementor-col-100 elementor-top-column elementor-element elementor-element-c69d0a1\" data-id=\"c69d0a1\" data-element_type=\"column\">\n\t\t\t<div class=\"elementor-widget-wrap elementor-element-populated\">\n\t\t\t\t\t\t<div class=\"elementor-element elementor-element-7903fa3 elementor-widget elementor-widget-text-editor\" data-id=\"7903fa3\" data-element_type=\"widget\" data-widget_type=\"text-editor.default\">\n\t\t\t\t<div class=\"elementor-widget-container\">\n\t\t\t\t\t\t\t\t\t<h3>\u00d6deme<\/h3><p class=\"translation-block\"><span style=\"color: var( --e-global-color-secondary );font-family: var( --e-global-typography-text-font-family ), Sans-serif;font-weight: var( --e-global-typography-text-font-weight )\">\u00c7evrimi\u00e7i \u00f6deme se\u00e7eneklerimiz yak\u0131nda web sitemizde kullan\u0131ma sunulacakt\u0131r. Bu arada, bizimle ileti\u015fime ge\u00e7erek sat\u0131n alma i\u015fleminizi tamamlayabilirsiniz:<br><\/span><strong><span style=\"color: var( --e-global-color-secondary );font-family: var( --e-global-typography-text-font-family ), Sans-serif\">+90 (530) 261 72 73<\/span><\/strong><span style=\"font-weight: var( --e-global-typography-text-font-weight );font-family: var( --e-global-typography-text-font-family ), Sans-serif;color: var( --e-global-color-secondary )\"> veya e-posta yoluyla <\/span><span style=\"font-weight: var( --e-global-typography-text-font-weight );font-family: var( --e-global-typography-text-font-family ), Sans-serif;color: var( --e-global-color-secondary )\"><span style=\"color: #54595f\"><b>mollymawk@skyaviation.aero<\/b><\/span><\/span><span style=\"font-weight: var( --e-global-typography-text-font-weight );font-family: var( --e-global-typography-text-font-family ), Sans-serif;color: var( --e-global-color-secondary )\"> adresinden bize ula\u015fabilirsiniz.<\/span><\/p><h3>\u0130ade Politkam\u0131z<\/h3><p class=\"translation-block\"><em>Genel olarak, dijital \u00fcr\u00fcnler iade edilemez.<\/em> Bununla birlikte, a\u015fa\u011f\u0131daki iki ko\u015fulun <strong>her ikisi<\/strong> de sa\u011flan\u0131yorsa 100% geri \u00f6deme yap\u0131yoruz:<\/p><ol><li class=\"translation-block\"><strong>Hen\u00fcz test paketini kullanmad\u0131ysan\u0131z. <\/strong>(Kullan\u0131m, bir <strong>e\u011fitim<\/strong> <strong>veya<\/strong> s\u0131nav oturumunun ba\u015flat\u0131lmas\u0131 olarak tan\u0131mlan\u0131r.)<\/li><li class=\"translation-block\">Bize, kullan\u0131lmam\u0131\u015f test paketi i\u00e7in <strong>teslimattan en ge\u00e7 4 hafta (28 g\u00fcn) i\u00e7inde<\/strong> iade talebi g\u00f6nderdiyseniz. (Mesaj\u0131n\u0131z\u0131 \u015fu adrese g\u00f6nderin: <strong>mollymawk@skyaviation.aero.<\/strong>)<\/li><\/ol><h3>SunExpress Aday\u0131 m\u0131s\u0131n\u0131z?<\/h3><p>E\u011fer \u00f6yleyse, bu \u00f6nemli: SunExpress, ilk test paketini sponsor olarak kar\u015f\u0131lamaktad\u0131r; e\u011fer onlar\u0131n MPL program\u0131 aday\u0131ysan\u0131z ya da kaptan olarak ba\u015fvuruyorsan\u0131z. Bu durumlarda buradan test paketi sat\u0131n almay\u0131n, detaylar i\u00e7in do\u011frudan onlarla ileti\u015fime ge\u00e7in!<\/p>\t\t\t\t\t\t\t\t<\/div>\n\t\t\t\t<\/div>\n\t\t\t\t\t<\/div>\n\t\t<\/div>\n\t\t\t\t\t<\/div>\n\t\t<\/section>\n\t\t\t\t<\/div>","protected":false},"excerpt":{"rendered":"<p>Payment Our online payment options will be available on our website soon. In the meantime, you can complete your purchase by contacting us at +90 (530) 261 72 73 or via email at mollymawk@skyaviation.aero. Refund policy Generally, digital goods are not refundable.\u00a0Nevertheless, we do a 100% refund if\u00a0both\u00a0of two of the following conditions apply: You<\/p>","protected":false},"author":2,"featured_media":0,"parent":0,"menu_order":0,"comment_status":"closed","ping_status":"closed","template":"","meta":{"_blockly_fonts_attr":"","footnotes":""},"class_list":["post-5897","page","type-page","status-publish","hentry"],"yoast_head":"<!-- This site is optimized with the Yoast SEO plugin v24.8.1 - https:\/\/yoast.com\/wordpress\/plugins\/seo\/ -->\n<title>Order Test Package - Sky Aviation<\/title>\n<meta name=\"robots\" content=\"index, follow, max-snippet:-1, max-image-preview:large, max-video-preview:-1\" \/>\n<link rel=\"canonical\" href=\"https:\/\/skyaviation.aero\/tr\/order-test-package\/\" \/>\n<meta property=\"og:locale\" content=\"tr_TR\" \/>\n<meta property=\"og:type\" content=\"article\" \/>\n<meta property=\"og:title\" content=\"Order Test Package - Sky Aviation\" \/>\n<meta property=\"og:description\" content=\"Payment Our online payment options will be available on our website soon. In the meantime, you can complete your purchase by contacting us at +90 (530) 261 72 73 or via email at mollymawk@skyaviation.aero. Refund policy Generally, digital goods are not refundable.\u00a0Nevertheless, we do a 100% refund if\u00a0both\u00a0of two of the following conditions apply: You\" \/>\n<meta property=\"og:url\" content=\"https:\/\/skyaviation.aero\/tr\/order-test-package\/\" \/>\n<meta property=\"og:site_name\" content=\"Sky Aviation\" \/>\n<meta property=\"article:modified_time\" content=\"2025-02-14T07:53:13+00:00\" \/>\n<meta name=\"twitter:card\" content=\"summary_large_image\" \/>\n<meta name=\"twitter:label1\" content=\"Tahmini okuma s\u00fcresi\" \/>\n\t<meta name=\"twitter:data1\" content=\"1 dakika\" \/>\n<script type=\"application\/ld+json\" class=\"yoast-schema-graph\">{\"@context\":\"https:\/\/schema.org\",\"@graph\":[{\"@type\":\"WebPage\",\"@id\":\"https:\/\/skyaviation.aero\/order-test-package\/\",\"url\":\"https:\/\/skyaviation.aero\/order-test-package\/\",\"name\":\"Order Test Package - Sky Aviation\",\"isPartOf\":{\"@id\":\"https:\/\/skyaviation.aero\/#website\"},\"datePublished\":\"2025-02-13T09:09:53+00:00\",\"dateModified\":\"2025-02-14T07:53:13+00:00\",\"breadcrumb\":{\"@id\":\"https:\/\/skyaviation.aero\/order-test-package\/#breadcrumb\"},\"inLanguage\":\"tr\",\"potentialAction\":[{\"@type\":\"ReadAction\",\"target\":[\"https:\/\/skyaviation.aero\/order-test-package\/\"]}]},{\"@type\":\"BreadcrumbList\",\"@id\":\"https:\/\/skyaviation.aero\/order-test-package\/#breadcrumb\",\"itemListElement\":[{\"@type\":\"ListItem\",\"position\":1,\"name\":\"Home\",\"item\":\"https:\/\/skyaviation.aero\/\"},{\"@type\":\"ListItem\",\"position\":2,\"name\":\"Order Test Package\"}]},{\"@type\":\"WebSite\",\"@id\":\"https:\/\/skyaviation.aero\/#website\",\"url\":\"https:\/\/skyaviation.aero\/\",\"name\":\"Sky Aviation\",\"description\":\"Private Jet &amp; Charter\",\"publisher\":{\"@id\":\"https:\/\/skyaviation.aero\/#organization\"},\"potentialAction\":[{\"@type\":\"SearchAction\",\"target\":{\"@type\":\"EntryPoint\",\"urlTemplate\":\"https:\/\/skyaviation.aero\/?s={search_term_string}\"},\"query-input\":{\"@type\":\"PropertyValueSpecification\",\"valueRequired\":true,\"valueName\":\"search_term_string\"}}],\"inLanguage\":\"tr\"},{\"@type\":\"Organization\",\"@id\":\"https:\/\/skyaviation.aero\/#organization\",\"name\":\"Sky Aviation\",\"url\":\"https:\/\/skyaviation.aero\/\",\"logo\":{\"@type\":\"ImageObject\",\"inLanguage\":\"tr\",\"@id\":\"https:\/\/skyaviation.aero\/#\/schema\/logo\/image\/\",\"url\":\"https:\/\/skyaviation.aero\/wp-content\/uploads\/2023\/06\/sky-dark-logo.jpg\",\"contentUrl\":\"https:\/\/skyaviation.aero\/wp-content\/uploads\/2023\/06\/sky-dark-logo.jpg\",\"width\":510,\"height\":510,\"caption\":\"Sky Aviation\"},\"image\":{\"@id\":\"https:\/\/skyaviation.aero\/#\/schema\/logo\/image\/\"},\"sameAs\":[\"https:\/\/www.instagram.com\/skyaviation.aero\/\",\"https:\/\/www.linkedin.com\/company\/skyaviationaero\"]}]}<\/script>\n<!-- \/ Yoast SEO plugin. -->","yoast_head_json":{"title":"Order Test Package - Sky Aviation","robots":{"index":"index","follow":"follow","max-snippet":"max-snippet:-1","max-image-preview":"max-image-preview:large","max-video-preview":"max-video-preview:-1"},"canonical":"https:\/\/skyaviation.aero\/tr\/order-test-package\/","og_locale":"tr_TR","og_type":"article","og_title":"Order Test Package - Sky Aviation","og_description":"Payment Our online payment options will be available on our website soon. In the meantime, you can complete your purchase by contacting us at +90 (530) 261 72 73 or via email at mollymawk@skyaviation.aero. Refund policy Generally, digital goods are not refundable.\u00a0Nevertheless, we do a 100% refund if\u00a0both\u00a0of two of the following conditions apply: You","og_url":"https:\/\/skyaviation.aero\/tr\/order-test-package\/","og_site_name":"Sky Aviation","article_modified_time":"2025-02-14T07:53:13+00:00","twitter_card":"summary_large_image","twitter_misc":{"Tahmini okuma s\u00fcresi":"1 dakika"},"schema":{"@context":"https:\/\/schema.org","@graph":[{"@type":"WebPage","@id":"https:\/\/skyaviation.aero\/order-test-package\/","url":"https:\/\/skyaviation.aero\/order-test-package\/","name":"Order Test Package - Sky Aviation","isPartOf":{"@id":"https:\/\/skyaviation.aero\/#website"},"datePublished":"2025-02-13T09:09:53+00:00","dateModified":"2025-02-14T07:53:13+00:00","breadcrumb":{"@id":"https:\/\/skyaviation.aero\/order-test-package\/#breadcrumb"},"inLanguage":"tr","potentialAction":[{"@type":"ReadAction","target":["https:\/\/skyaviation.aero\/order-test-package\/"]}]},{"@type":"BreadcrumbList","@id":"https:\/\/skyaviation.aero\/order-test-package\/#breadcrumb","itemListElement":[{"@type":"ListItem","position":1,"name":"Home","item":"https:\/\/skyaviation.aero\/"},{"@type":"ListItem","position":2,"name":"Order Test Package"}]},{"@type":"WebSite","@id":"https:\/\/skyaviation.aero\/#website","url":"https:\/\/skyaviation.aero\/","name":"Sky Aviation","description":"Private Jet &amp; Charter","publisher":{"@id":"https:\/\/skyaviation.aero\/#organization"},"potentialAction":[{"@type":"SearchAction","target":{"@type":"EntryPoint","urlTemplate":"https:\/\/skyaviation.aero\/?s={search_term_string}"},"query-input":{"@type":"PropertyValueSpecification","valueRequired":true,"valueName":"search_term_string"}}],"inLanguage":"tr"},{"@type":"Organization","@id":"https:\/\/skyaviation.aero\/#organization","name":"Sky Aviation","url":"https:\/\/skyaviation.aero\/","logo":{"@type":"ImageObject","inLanguage":"tr","@id":"https:\/\/skyaviation.aero\/#\/schema\/logo\/image\/","url":"https:\/\/skyaviation.aero\/wp-content\/uploads\/2023\/06\/sky-dark-logo.jpg","contentUrl":"https:\/\/skyaviation.aero\/wp-content\/uploads\/2023\/06\/sky-dark-logo.jpg","width":510,"height":510,"caption":"Sky Aviation"},"image":{"@id":"https:\/\/skyaviation.aero\/#\/schema\/logo\/image\/"},"sameAs":["https:\/\/www.instagram.com\/skyaviation.aero\/","https:\/\/www.linkedin.com\/company\/skyaviationaero"]}]}},"_links":{"self":[{"href":"https:\/\/skyaviation.aero\/tr\/wp-json\/wp\/v2\/pages\/5897","targetHints":{"allow":["GET"]}}],"collection":[{"href":"https:\/\/skyaviation.aero\/tr\/wp-json\/wp\/v2\/pages"}],"about":[{"href":"https:\/\/skyaviation.aero\/tr\/wp-json\/wp\/v2\/types\/page"}],"author":[{"embeddable":true,"href":"https:\/\/skyaviation.aero\/tr\/wp-json\/wp\/v2\/users\/2"}],"replies":[{"embeddable":true,"href":"https:\/\/skyaviation.aero\/tr\/wp-json\/wp\/v2\/comments?post=5897"}],"version-history":[{"count":17,"href":"https:\/\/skyaviation.aero\/tr\/wp-json\/wp\/v2\/pages\/5897\/revisions"}],"predecessor-version":[{"id":5979,"href":"https:\/\/skyaviation.aero\/tr\/wp-json\/wp\/v2\/pages\/5897\/revisions\/5979"}],"wp:attachment":[{"href":"https:\/\/skyaviation.aero\/tr\/wp-json\/wp\/v2\/media?parent=5897"}],"curies":[{"name":"wp","href":"https:\/\/api.w.org\/{rel}","templated":true}]}}