{"id":5885,"date":"2025-02-13T09:03:13","date_gmt":"2025-02-13T09:03:13","guid":{"rendered":"https:\/\/skyaviation.aero\/?page_id=5885"},"modified":"2025-08-13T11:22:54","modified_gmt":"2025-08-13T11:22:54","slug":"test-package-terms","status":"publish","type":"page","link":"https:\/\/skyaviation.aero\/tr\/test-package-terms\/","title":{"rendered":"Mollymawk Test Paketi Ko\u015fullar\u0131"},"content":{"rendered":"<div data-elementor-type=\"wp-page\" data-elementor-id=\"5885\" class=\"elementor elementor-5885\">\n\t\t\t\t\t\t<section class=\"elementor-section elementor-top-section elementor-element elementor-element-6f0fa3e elementor-section-boxed elementor-section-height-default elementor-section-height-default\" data-id=\"6f0fa3e\" data-element_type=\"section\">\n\t\t\t\t\t\t<div class=\"elementor-container elementor-column-gap-default\">\n\t\t\t\t\t<div class=\"elementor-column elementor-col-100 elementor-top-column elementor-element elementor-element-47dffd7\" data-id=\"47dffd7\" data-element_type=\"column\">\n\t\t\t<div class=\"elementor-widget-wrap elementor-element-populated\">\n\t\t\t\t\t\t<div class=\"elementor-element elementor-element-9d54cae elementor-widget elementor-widget-text-editor\" data-id=\"9d54cae\" data-element_type=\"widget\" data-widget_type=\"text-editor.default\">\n\t\t\t\t<div class=\"elementor-widget-container\">\n\t\t\t\t\t\t\t\t\t<section>\n<div>\n<div>\n<div>\n<h3 data-pm-slice=\"1 1 []\">A\u00e7\u0131klama<\/h3>\n<p>Bir test paketi, her test i\u00e7in s\u0131n\u0131rl\u0131 say\u0131da e\u011fitim \u00e7al\u0131\u015ft\u0131rmas\u0131 ve s\u0131nav i\u00e7in dijital ortama eri\u015fim i\u00e7erir. Kullan\u0131c\u0131 davran\u0131\u015f\u0131 ve sistem \u00f6zellikleri (\u00f6r. internet kararl\u0131l\u0131\u011f\u0131) kontrol\u00fcm\u00fcz d\u0131\u015f\u0131nda oldu\u011fundan, e\u011fitim \u00e7al\u0131\u015ft\u0131rmalar\u0131n\u0131n maksimum kullan\u0131m\u0131n\u0131 garanti etmiyoruz ve ge\u00e7ersiz \u00e7al\u0131\u015ft\u0131rmalar\u0131 s\u0131f\u0131rlam\u0131yoruz.<\/p>\n<p>Bir test paketi, test merkezimizde bir s\u0131nav aral\u0131\u011f\u0131 i\u00e7ermez. Bir test paketi sat\u0131n alman\u0131z\u0131 ancak bir test aral\u0131\u011f\u0131 ayarlam\u0131\u015f olman\u0131z halinde tavsiye ederiz. Ayr\u0131ca baz\u0131 havayollar\u0131 sadece kendi adaylar\u0131 i\u00e7in test aral\u0131\u011f\u0131 sa\u011flamaktad\u0131r.<\/p>\n<p>Bir test paketinin s\u00fcresi 12 ayd\u0131r, yani test paketini ald\u0131ktan sonra 12 ay i\u00e7inde s\u0131nava girmeniz gerekir. Bunu yapmaman\u0131z, e\u011fitim ve s\u0131nava eri\u015fiminizi kaybetmenize neden olacakt\u0131r.<\/p>\n<h3>Retest Politikam\u0131z<\/h3>\n<p>Zaten ge\u00e7erli bir sertifikan\u0131z (yani 24 aydan eski olmayan bir sertifika) veya hatta iki sertifikan\u0131z varsa, Mollymawk'\u0131n hizmet \u015fartlar\u0131nda belirtilen yeniden test politikas\u0131n\u0131 dikkatlice inceleyin. Test paketi sipari\u015f etmeden \u00f6nce Mollymawk'\u0131n yeniden test politikas\u0131n\u0131 ihlal etmenin sonu\u00e7lar\u0131n\u0131 anlad\u0131\u011f\u0131n\u0131zdan emin olun.<\/p>\n<p>Yeniden test politikam\u0131zla ilgili durumunuz hakk\u0131nda emin de\u011filseniz, l\u00fctfen detaylar i\u00e7in bizimle ileti\u015fime ge\u00e7in.<\/p>\n<h3>S\u0131nav \u00d6ncesi Ek Test Paketi?<\/h3>\n<p>Sertifikalardan farkl\u0131 olarak, sat\u0131n alabilece\u011finiz test paketi say\u0131s\u0131 s\u0131n\u0131rl\u0131 de\u011fildir. Ancak, yeni bir test paketi sat\u0131n ald\u0131\u011f\u0131n\u0131zda \u00f6nceki paketinizdeki t\u00fcm kullan\u0131lm\u0131\u015f ve kullan\u0131lmam\u0131\u015f e\u011fitim ve s\u0131navlar silinecektir. Yeni bir paket sat\u0131n almadan \u00f6nce mevcut paketinizdeki t\u00fcm kaynaklar\u0131 kullanman\u0131z\u0131 \u00f6neririz.<\/p>\n<h3>Geri \u0130ade Politikam\u0131z<\/h3>\n<p>Dijital \u00fcr\u00fcnler genellikle iade edilmez. Ancak, a\u015fa\u011f\u0131daki ko\u015fullar\u0131n her ikisinin de kar\u015f\u0131lanmas\u0131 durumunda 100% para iadesi sunuyoruz:<\/p>\n<ol start=\"1\" data-spread=\"false\">\n<li>\n<p>Test paketini kullanmad\u0131n\u0131z. Kullanma, bir e\u011fitim veya s\u0131nav \u00e7al\u0131\u015fmas\u0131na ba\u015flama olarak tan\u0131mlan\u0131r.<\/p>\n<\/li>\n<li>\n<p>Teslimattan itibaren 28 i\u015f g\u00fcn\u00fc (4 hafta) i\u00e7inde geri \u00f6deme talebinde bulunduysan\u0131z.<\/p>\n<\/li>\n<\/ol>\n<p>Para iadesi talep etmek i\u00e7in l\u00fctfen bizimle \u015fu adresten ileti\u015fime ge\u00e7in <b>mollymawk@skyaviation.aero<\/b>.<\/p>\n<h3>Test Paketinizi Nas\u0131l Alabilirsiniz?<\/h3>\n<ul style=\"letter-spacing: 0.08px; padding-left: 2rem; color: #212529; font-family: Lato, Roboto; font-size: 18.4px;\">\n<li style=\"letter-spacing: 0.005rem;\">\n<p style=\"letter-spacing: 0.005rem; margin-bottom: 1rem;\">Halihaz\u0131rda bir s\u0131nav kat\u0131l\u0131mc\u0131s\u0131 hesab\u0131n\u0131z varsa, l\u00fctfen \u00f6deme i\u015flemi s\u0131ras\u0131nda bu s\u0131nav kat\u0131l\u0131mc\u0131s\u0131 hesab\u0131n\u0131n ayr\u0131nt\u0131lar\u0131n\u0131 tam olarak belirtin. (Bu test kat\u0131l\u0131mc\u0131s\u0131na \u00f6zel bilgiler i\u00e7in \u00f6deme s\u00fcrecine entegre edilmi\u015f bir b\u00f6l\u00fcm bulunmaktad\u0131r). Daha sonra bu hesaba iki i\u015f g\u00fcn\u00fc i\u00e7inde yeni bir test paketi atayaca\u011f\u0131z&nbsp;<span style=\"letter-spacing: 0.005rem; font-weight: bolder;\">.<\/span>&nbsp;.<\/p>\n<\/li>\n<li style=\"letter-spacing: 0.005rem;\">\n<p style=\"letter-spacing: 0.005rem; margin-bottom: 1rem;\">Hen\u00fcz bir hesab\u0131n\u0131z yoksa, l\u00fctfen tam ad\u0131n\u0131z\u0131, do\u011fum tarihinizi ve e-posta adresinizi tam olarak belirtin. (Bu s\u0131nav kat\u0131l\u0131mc\u0131s\u0131na \u00f6zel bilgiler i\u00e7in \u00f6deme s\u00fcrecine entegre edilmi\u015f bir b\u00f6l\u00fcm bulunmaktad\u0131r). Size hesap olu\u015fturman\u0131z i\u00e7in bir davetiye g\u00f6nderece\u011fiz&nbsp;<span style=\"letter-spacing: 0.005rem; font-weight: bolder;\">.<\/span>Hesab\u0131n\u0131z\u0131 olu\u015fturduktan sonra&nbsp;<span style=\"letter-spacing: 0.005rem; font-weight: bolder;\">iki i\u015f g\u00fcn\u00fc i\u00e7erisinde<\/span>&nbsp;yeni hesab\u0131n\u0131z onaylanacakt\u0131r. Bu retest politikam\u0131z\u0131 uygulamak i\u00e7in gereklidir. Test paketi onay ile birlikte otomatik olarak sa\u011flanacakt\u0131r. Bu da test paketinizi kullanmaya ba\u015flaman\u0131z\u0131n toplam d\u00f6rt i\u015f g\u00fcn\u00fc kadar s\u00fcrebilece\u011fi anlam\u0131na gelmektedir. Her iki bekleme s\u00fcresini de m\u00fcmk\u00fcn oldu\u011funca k\u0131saltmay\u0131 hedefliyoruz.<\/p>\n<\/li>\n<\/ul>\n<h3>SunExpress MPL veya Kaptan Aday\u0131 m\u0131s\u0131n\u0131z?<\/h3>\n<p>SunExpress MPL program\u0131na adaysan\u0131z veya kaptan olarak ba\u015fvuruyorsan\u0131z, buradan bir test paketi sat\u0131n almay\u0131n. SunExpress ilk test paketinize sponsor olur ve onlar\u0131n davetini beklemeniz gerekir.<\/p>\n<\/div>\n<\/div>\n<\/div>\n<\/section>\t\t\t\t\t\t\t\t<\/div>\n\t\t\t\t<\/div>\n\t\t\t\t\t<\/div>\n\t\t<\/div>\n\t\t\t\t\t<\/div>\n\t\t<\/section>\n\t\t\t\t<section class=\"elementor-section elementor-top-section elementor-element elementor-element-18293bf elementor-section-boxed elementor-section-height-default elementor-section-height-default\" data-id=\"18293bf\" data-element_type=\"section\">\n\t\t\t\t\t\t<div class=\"elementor-container elementor-column-gap-default\">\n\t\t\t\t\t<div class=\"elementor-column elementor-col-100 elementor-top-column elementor-element elementor-element-3996d35\" data-id=\"3996d35\" data-element_type=\"column\">\n\t\t\t<div class=\"elementor-widget-wrap elementor-element-populated\">\n\t\t\t\t\t\t<div class=\"elementor-element elementor-element-571c5db elementor-widget elementor-widget-button\" data-id=\"571c5db\" data-element_type=\"widget\" data-widget_type=\"button.default\">\n\t\t\t\t<div class=\"elementor-widget-container\">\n\t\t\t\t\t\t\t\t\t<div class=\"elementor-button-wrapper\">\n\t\t\t\t\t<a class=\"elementor-button elementor-button-link elementor-size-sm\" href=\"https:\/\/skyaviation.aero\/tr\/order-test-package\/\">\n\t\t\t\t\t\t<span class=\"elementor-button-content-wrapper\">\n\t\t\t\t\t\t\t\t\t<span class=\"elementor-button-text\">Yukar\u0131daki \u015fartlar\u0131 anlad\u0131m ve onayl\u0131yorum<\/span>\n\t\t\t\t\t<\/span>\n\t\t\t\t\t<\/a>\n\t\t\t\t<\/div>\n\t\t\t\t\t\t\t\t<\/div>\n\t\t\t\t<\/div>\n\t\t\t\t\t<\/div>\n\t\t<\/div>\n\t\t\t\t\t<\/div>\n\t\t<\/section>\n\t\t\t\t<\/div>","protected":false},"excerpt":{"rendered":"<p>Description A test package includes a limited number of training runs for each test and access to the digital environment for the exam. Since user behavior and system characteristics (e.g., internet stability) are beyond our control, we do not guarantee maximum utilization of training runs and do not reset invalid runs. A test package does<\/p>","protected":false},"author":2,"featured_media":0,"parent":0,"menu_order":0,"comment_status":"closed","ping_status":"closed","template":"","meta":{"_blockly_fonts_attr":"","footnotes":""},"class_list":["post-5885","page","type-page","status-publish","hentry"],"yoast_head":"<!-- This site is optimized with the Yoast SEO plugin v24.8.1 - https:\/\/yoast.com\/wordpress\/plugins\/seo\/ -->\n<title>Mollymawk Test Package Terms - Sky Aviation<\/title>\n<meta name=\"robots\" content=\"index, follow, max-snippet:-1, max-image-preview:large, max-video-preview:-1\" \/>\n<link rel=\"canonical\" href=\"https:\/\/skyaviation.aero\/tr\/test-package-terms\/\" \/>\n<meta property=\"og:locale\" content=\"tr_TR\" \/>\n<meta property=\"og:type\" content=\"article\" \/>\n<meta property=\"og:title\" content=\"Mollymawk Test Package Terms - Sky Aviation\" \/>\n<meta property=\"og:description\" content=\"Description A test package includes a limited number of training runs for each test and access to the digital environment for the exam. Since user behavior and system characteristics (e.g., internet stability) are beyond our control, we do not guarantee maximum utilization of training runs and do not reset invalid runs. A test package does\" \/>\n<meta property=\"og:url\" content=\"https:\/\/skyaviation.aero\/tr\/test-package-terms\/\" \/>\n<meta property=\"og:site_name\" content=\"Sky Aviation\" \/>\n<meta property=\"article:modified_time\" content=\"2025-08-13T11:22:54+00:00\" \/>\n<meta name=\"twitter:card\" content=\"summary_large_image\" \/>\n<meta name=\"twitter:label1\" content=\"Tahmini okuma s\u00fcresi\" \/>\n\t<meta name=\"twitter:data1\" content=\"4 dakika\" \/>\n<script type=\"application\/ld+json\" class=\"yoast-schema-graph\">{\"@context\":\"https:\/\/schema.org\",\"@graph\":[{\"@type\":\"WebPage\",\"@id\":\"https:\/\/skyaviation.aero\/test-package-terms\/\",\"url\":\"https:\/\/skyaviation.aero\/test-package-terms\/\",\"name\":\"Mollymawk Test Package Terms - Sky Aviation\",\"isPartOf\":{\"@id\":\"https:\/\/skyaviation.aero\/#website\"},\"datePublished\":\"2025-02-13T09:03:13+00:00\",\"dateModified\":\"2025-08-13T11:22:54+00:00\",\"breadcrumb\":{\"@id\":\"https:\/\/skyaviation.aero\/test-package-terms\/#breadcrumb\"},\"inLanguage\":\"tr\",\"potentialAction\":[{\"@type\":\"ReadAction\",\"target\":[\"https:\/\/skyaviation.aero\/test-package-terms\/\"]}]},{\"@type\":\"BreadcrumbList\",\"@id\":\"https:\/\/skyaviation.aero\/test-package-terms\/#breadcrumb\",\"itemListElement\":[{\"@type\":\"ListItem\",\"position\":1,\"name\":\"Home\",\"item\":\"https:\/\/skyaviation.aero\/\"},{\"@type\":\"ListItem\",\"position\":2,\"name\":\"Mollymawk Test Package Terms\"}]},{\"@type\":\"WebSite\",\"@id\":\"https:\/\/skyaviation.aero\/#website\",\"url\":\"https:\/\/skyaviation.aero\/\",\"name\":\"Sky Aviation\",\"description\":\"Private Jet &amp; Charter\",\"publisher\":{\"@id\":\"https:\/\/skyaviation.aero\/#organization\"},\"potentialAction\":[{\"@type\":\"SearchAction\",\"target\":{\"@type\":\"EntryPoint\",\"urlTemplate\":\"https:\/\/skyaviation.aero\/?s={search_term_string}\"},\"query-input\":{\"@type\":\"PropertyValueSpecification\",\"valueRequired\":true,\"valueName\":\"search_term_string\"}}],\"inLanguage\":\"tr\"},{\"@type\":\"Organization\",\"@id\":\"https:\/\/skyaviation.aero\/#organization\",\"name\":\"Sky Aviation\",\"url\":\"https:\/\/skyaviation.aero\/\",\"logo\":{\"@type\":\"ImageObject\",\"inLanguage\":\"tr\",\"@id\":\"https:\/\/skyaviation.aero\/#\/schema\/logo\/image\/\",\"url\":\"https:\/\/skyaviation.aero\/wp-content\/uploads\/2023\/06\/sky-dark-logo.jpg\",\"contentUrl\":\"https:\/\/skyaviation.aero\/wp-content\/uploads\/2023\/06\/sky-dark-logo.jpg\",\"width\":510,\"height\":510,\"caption\":\"Sky Aviation\"},\"image\":{\"@id\":\"https:\/\/skyaviation.aero\/#\/schema\/logo\/image\/\"},\"sameAs\":[\"https:\/\/www.instagram.com\/skyaviation.aero\/\",\"https:\/\/www.linkedin.com\/company\/skyaviationaero\"]}]}<\/script>\n<!-- \/ Yoast SEO plugin. -->","yoast_head_json":{"title":"Mollymawk Test Package Terms - Sky Aviation","robots":{"index":"index","follow":"follow","max-snippet":"max-snippet:-1","max-image-preview":"max-image-preview:large","max-video-preview":"max-video-preview:-1"},"canonical":"https:\/\/skyaviation.aero\/tr\/test-package-terms\/","og_locale":"tr_TR","og_type":"article","og_title":"Mollymawk Test Package Terms - Sky Aviation","og_description":"Description A test package includes a limited number of training runs for each test and access to the digital environment for the exam. Since user behavior and system characteristics (e.g., internet stability) are beyond our control, we do not guarantee maximum utilization of training runs and do not reset invalid runs. A test package does","og_url":"https:\/\/skyaviation.aero\/tr\/test-package-terms\/","og_site_name":"Sky Aviation","article_modified_time":"2025-08-13T11:22:54+00:00","twitter_card":"summary_large_image","twitter_misc":{"Tahmini okuma s\u00fcresi":"4 dakika"},"schema":{"@context":"https:\/\/schema.org","@graph":[{"@type":"WebPage","@id":"https:\/\/skyaviation.aero\/test-package-terms\/","url":"https:\/\/skyaviation.aero\/test-package-terms\/","name":"Mollymawk Test Package Terms - Sky Aviation","isPartOf":{"@id":"https:\/\/skyaviation.aero\/#website"},"datePublished":"2025-02-13T09:03:13+00:00","dateModified":"2025-08-13T11:22:54+00:00","breadcrumb":{"@id":"https:\/\/skyaviation.aero\/test-package-terms\/#breadcrumb"},"inLanguage":"tr","potentialAction":[{"@type":"ReadAction","target":["https:\/\/skyaviation.aero\/test-package-terms\/"]}]},{"@type":"BreadcrumbList","@id":"https:\/\/skyaviation.aero\/test-package-terms\/#breadcrumb","itemListElement":[{"@type":"ListItem","position":1,"name":"Home","item":"https:\/\/skyaviation.aero\/"},{"@type":"ListItem","position":2,"name":"Mollymawk Test Package Terms"}]},{"@type":"WebSite","@id":"https:\/\/skyaviation.aero\/#website","url":"https:\/\/skyaviation.aero\/","name":"Sky Aviation","description":"Private Jet &amp; Charter","publisher":{"@id":"https:\/\/skyaviation.aero\/#organization"},"potentialAction":[{"@type":"SearchAction","target":{"@type":"EntryPoint","urlTemplate":"https:\/\/skyaviation.aero\/?s={search_term_string}"},"query-input":{"@type":"PropertyValueSpecification","valueRequired":true,"valueName":"search_term_string"}}],"inLanguage":"tr"},{"@type":"Organization","@id":"https:\/\/skyaviation.aero\/#organization","name":"Sky Aviation","url":"https:\/\/skyaviation.aero\/","logo":{"@type":"ImageObject","inLanguage":"tr","@id":"https:\/\/skyaviation.aero\/#\/schema\/logo\/image\/","url":"https:\/\/skyaviation.aero\/wp-content\/uploads\/2023\/06\/sky-dark-logo.jpg","contentUrl":"https:\/\/skyaviation.aero\/wp-content\/uploads\/2023\/06\/sky-dark-logo.jpg","width":510,"height":510,"caption":"Sky Aviation"},"image":{"@id":"https:\/\/skyaviation.aero\/#\/schema\/logo\/image\/"},"sameAs":["https:\/\/www.instagram.com\/skyaviation.aero\/","https:\/\/www.linkedin.com\/company\/skyaviationaero"]}]}},"_links":{"self":[{"href":"https:\/\/skyaviation.aero\/tr\/wp-json\/wp\/v2\/pages\/5885","targetHints":{"allow":["GET"]}}],"collection":[{"href":"https:\/\/skyaviation.aero\/tr\/wp-json\/wp\/v2\/pages"}],"about":[{"href":"https:\/\/skyaviation.aero\/tr\/wp-json\/wp\/v2\/types\/page"}],"author":[{"embeddable":true,"href":"https:\/\/skyaviation.aero\/tr\/wp-json\/wp\/v2\/users\/2"}],"replies":[{"embeddable":true,"href":"https:\/\/skyaviation.aero\/tr\/wp-json\/wp\/v2\/comments?post=5885"}],"version-history":[{"count":20,"href":"https:\/\/skyaviation.aero\/tr\/wp-json\/wp\/v2\/pages\/5885\/revisions"}],"predecessor-version":[{"id":6467,"href":"https:\/\/skyaviation.aero\/tr\/wp-json\/wp\/v2\/pages\/5885\/revisions\/6467"}],"wp:attachment":[{"href":"https:\/\/skyaviation.aero\/tr\/wp-json\/wp\/v2\/media?parent=5885"}],"curies":[{"name":"wp","href":"https:\/\/api.w.org\/{rel}","templated":true}]}}