{"id":5696,"date":"2023-10-13T13:04:19","date_gmt":"2023-10-13T13:04:19","guid":{"rendered":"https:\/\/skyaviation.aero\/?page_id=5696"},"modified":"2025-11-03T10:45:02","modified_gmt":"2025-11-03T10:45:02","slug":"mollymawk","status":"publish","type":"page","link":"https:\/\/skyaviation.aero\/tr\/mollymawk\/","title":{"rendered":"Mollymawk"},"content":{"rendered":"<div data-elementor-type=\"wp-page\" data-elementor-id=\"5696\" class=\"elementor elementor-5696\">\n\t\t\t\t\t\t<section class=\"elementor-section elementor-top-section elementor-element elementor-element-6f0fa3e elementor-section-boxed elementor-section-height-default elementor-section-height-default\" data-id=\"6f0fa3e\" data-element_type=\"section\">\n\t\t\t\t\t\t<div class=\"elementor-container elementor-column-gap-default\">\n\t\t\t\t\t<div class=\"elementor-column elementor-col-100 elementor-top-column elementor-element elementor-element-47dffd7\" data-id=\"47dffd7\" data-element_type=\"column\">\n\t\t\t<div class=\"elementor-widget-wrap elementor-element-populated\">\n\t\t\t\t\t\t<div class=\"elementor-element elementor-element-9d54cae elementor-widget elementor-widget-text-editor\" data-id=\"9d54cae\" data-element_type=\"widget\" data-widget_type=\"text-editor.default\">\n\t\t\t\t<div class=\"elementor-widget-container\">\n\t\t\t\t\t\t\t\t\t<h3>Sevgili<strong> Kanat Arkada\u015flar\u0131m\u0131z<\/strong><\/h3><p>Sky Aviation olarak, Assessment ve Type Rated S\u00fcrecindeki kanat arkada\u015flar\u0131m\u0131z\u0131 g\u00fc\u00e7lendirmek ve hayallerine bir ad\u0131m daha yakla\u015ft\u0131rmak i\u00e7in y\u00fcksek standartlar\u0131m\u0131zla \u00e7al\u0131\u015fmaya devam ediyoruz. Size heyecan verici bir geli\u015fmeden bahsetmek istyoruz: Art\u0131k Mollymawk S\u0131nav Sistemi\u2019nin \u0130stanbul da tek yetkili s\u0131nav merkezi olarak da hizmet vermekteyiz!<\/p><p>Havac\u0131l\u0131k d\u00fcnyas\u0131nda kariyer yapmak veya mevcut bilgilerinizi geli\u015ftirmek istiyorsan\u0131z, do\u011fru adrestesiniz. Sky Aviation olarak, sundu\u011fumuz A320 ve B737 tip sim\u00fclat\u00f6rleri ile Kaptanlar\u0131m\u0131z e\u015fli\u011finde ger\u00e7ek u\u00e7u\u015f deneyimi ile sizleri daha ileriye ta\u015f\u0131yoruz. \u015eimdi ise bu deneyimi daha da g\u00fc\u00e7lendirmek ad\u0131na Mollymawk S\u0131nav Sistemi ile i\u015fbirli\u011fi yap\u0131yoruz.<\/p><p><strong>Mollymawk S\u0131nav Sistemi Nedir?<\/strong><\/p><p>Mollymawk, havac\u0131l\u0131k sekt\u00f6r\u00fcnde lider bir s\u0131nav sistemi sa\u011flay\u0131c\u0131s\u0131d\u0131r. Geni\u015f kapsaml\u0131 soru havuzlar\u0131, interaktif testleri ve detayl\u0131 de\u011ferlendirme sistemleri ile Mollymawk, havac\u0131l\u0131k profesyonellerine ve e\u011fitim almak isteyenlere en \u00fcst d\u00fczeyde bir s\u0131nav deneyimi sunmaktad\u0131r.<\/p><p><strong>Neden Sky Aviation?<\/strong><\/p><p>Sky Aviation olarak amac\u0131m\u0131z kanat arkada\u015flar\u0131m\u0131za en iyi e\u011fitimi ve deneyimi sunmaktad\u0131r. A320 ve B737 tip sim\u00fclat\u00f6rlerimiz, sekt\u00f6rdeki en yeni teknoloji ile donat\u0131lm\u0131\u015f olup, ger\u00e7ek u\u00e7u\u015f deneyimini do\u011fru bilgiler ile birlikte en ince detay\u0131na kadar ya\u015faman\u0131z\u0131 sa\u011flar.<\/p><p>Mollymawk S\u0131nav Sistemi ile olan i\u015fbirli\u011fimiz, sundu\u011fumuz hizmetin kalitesini bir \u00fcst seviyeye ta\u015f\u0131yor. S\u0131navlar\u0131m\u0131z, sekt\u00f6rdeki en g\u00fcncel bilgileri ve standartlar\u0131 i\u00e7ermekle birlikte, kat\u0131l\u0131mc\u0131lara uluslararas\u0131 d\u00fczeyde rekabet avantaj\u0131 sa\u011flamaktad\u0131r.<\/p><p><strong>Nas\u0131l Kat\u0131labilirsiniz?<\/strong><\/p><p>Sky Aviation b\u00fcnyesindeki Mollymawk S\u0131navlar\u0131na kat\u0131lmak ve s\u0131nav merkezimizde detayl\u0131 bir de\u011ferlendirme almak i\u00e7in \u015firketimizi ziyaret edebilir, +90 530 261 72 73 numaral\u0131 telefonumuzdan detayl\u0131 bilgi alabilir veya mollymawk@skyaviation.aero e-posta adresinden detayl\u0131 bilgi talep edebilirsiniz. S\u0131nav tarihleri, ba\u015fvuru ko\u015fullar\u0131 ve di\u011fer detaylar i\u00e7in bizi aramaktan veya e-posta g\u00f6ndermekten \u00e7ekinmeyin. Havac\u0131l\u0131k kariyerinizi bir ad\u0131m \u00f6teye ta\u015f\u0131mak i\u00e7in sizleri bekliyoruz!<\/p><p>Sky Aviation olarak, gelece\u011fin havac\u0131l\u0131k profesyonellerine destek olmaktan gurur duyuyoruz. Sizleri aram\u0131zda g\u00f6rmek i\u00e7in sab\u0131rs\u0131zlan\u0131yoruz!<\/p><p><strong>Sertifikan\u0131z\u0131 Nas\u0131l Al\u0131rs\u0131n\u0131z?<\/strong><\/p><p>MOLLYMAWK psikometrisinden sertifika almak istiyorsan\u0131z iki \u00f6\u011feye ihtiyac\u0131n\u0131z vard\u0131r:<\/p><p>1) Test paketi<br \/>2) S\u0131nav aral\u0131\u011f\u0131<\/p><p>Bir test paketinin bir s\u0131nav aral\u0131\u011f\u0131 i\u00e7ermedi\u011fini ve bir s\u0131nav aral\u0131\u011f\u0131n\u0131n da bir test paketi i\u00e7ermedi\u011fini anlamak \u00f6nemlidir.<\/p><p>Baz\u0131 havayolu \u015firketleri adaylar\u0131na test paketleri sponsorluk yapmaktad\u0131r, bu nedenle test paketinizi onlardan temin edebilirsiniz. Alternatif olarak, test paketinizi \u015fu adresten alabilirsiniz <strong><a href=\"https:\/\/mollymawk.de\/\">mollymawk.de<\/a><\/strong><\/p><p>Sky Aviation, T\u00fcrkiye'deki ilk sertifikal\u0131 kamuya a\u00e7\u0131k MOLLYMAWK psikometri S\u0131nav Merkezi'dir. Kamuya a\u00e7\u0131k bir s\u0131nav merkezi olarak, t\u00fcm s\u0131nava girenlere a\u00e7\u0131kt\u0131r. Herhangi bir havayolu \u015firketinden ba\u011f\u0131ms\u0131zd\u0131r. Havayolu \u015firketinin kendi s\u0131nav merkezine gitmek sizin i\u00e7in uygun de\u011filse veya m\u00fcmk\u00fcn de\u011filse, sizin i\u00e7in ideal olan s\u0131nav zamanlar\u0131 sunuyoruz.<\/p><p>S\u0131nava merkezimizde girmek ile ilgileniyorsan\u0131z, l\u00fctfen fiyat ve \u015fartlar ile ilgili bizimle ileti\u015fime ge\u00e7in. <b>+90 (530) 261 72 73<\/b> veya<b> mollymawk@skyaviation.aero.<\/b><\/p><p><em>* Test paketlerini \u015fu adresten alabilirsiniz <strong data-start=\"613\" data-end=\"653\"><a class=\"decorated-link\" href=\"https:\/\/mollymawk.de\/\" target=\"_new\" rel=\"noopener\" data-start=\"615\" data-end=\"651\">mollymawk.de<\/a><\/strong><\/em><\/p>\t\t\t\t\t\t\t\t<\/div>\n\t\t\t\t<\/div>\n\t\t\t\t\t<\/div>\n\t\t<\/div>\n\t\t\t\t\t<\/div>\n\t\t<\/section>\n\t\t\t\t<section class=\"elementor-section elementor-top-section elementor-element elementor-element-18293bf elementor-section-boxed elementor-section-height-default elementor-section-height-default\" data-id=\"18293bf\" data-element_type=\"section\">\n\t\t\t\t\t\t<div class=\"elementor-container elementor-column-gap-default\">\n\t\t\t\t\t<div class=\"elementor-column elementor-col-100 elementor-top-column elementor-element elementor-element-3996d35\" data-id=\"3996d35\" data-element_type=\"column\">\n\t\t\t<div class=\"elementor-widget-wrap elementor-element-populated\">\n\t\t\t\t\t\t<div class=\"elementor-element elementor-element-ee52a65 elementor-widget elementor-widget-button\" data-id=\"ee52a65\" data-element_type=\"widget\" data-widget_type=\"button.default\">\n\t\t\t\t<div class=\"elementor-widget-container\">\n\t\t\t\t\t\t\t\t\t<div class=\"elementor-button-wrapper\">\n\t\t\t\t\t<a class=\"elementor-button elementor-button-link elementor-size-sm\" href=\"https:\/\/skyaviation.aero\/tr\/contacts\/\">\n\t\t\t\t\t\t<span class=\"elementor-button-content-wrapper\">\n\t\t\t\t\t\t\t\t\t<span class=\"elementor-button-text\">\u0130leti\u015fime Ge\u00e7<\/span>\n\t\t\t\t\t<\/span>\n\t\t\t\t\t<\/a>\n\t\t\t\t<\/div>\n\t\t\t\t\t\t\t\t<\/div>\n\t\t\t\t<\/div>\n\t\t\t\t\t<\/div>\n\t\t<\/div>\n\t\t\t\t\t<\/div>\n\t\t<\/section>\n\t\t\t\t<\/div>","protected":false},"excerpt":{"rendered":"<p>Dear Wing Friends, As Sky Aviation, we continue to work with our high standards to strengthen our wingmates in the Assessment and Type Rated Process and bring them one step closer to their dreams. We would like to tell you about an exciting development: We now serve as the only authorized exam center of the<\/p>","protected":false},"author":2,"featured_media":0,"parent":0,"menu_order":0,"comment_status":"closed","ping_status":"closed","template":"","meta":{"_blockly_fonts_attr":"","footnotes":""},"class_list":["post-5696","page","type-page","status-publish","hentry"],"yoast_head":"<!-- This site is optimized with the Yoast SEO plugin v24.8.1 - https:\/\/yoast.com\/wordpress\/plugins\/seo\/ -->\n<title>Mollymawk - Sky Aviation<\/title>\n<meta name=\"robots\" content=\"index, follow, max-snippet:-1, max-image-preview:large, max-video-preview:-1\" \/>\n<link rel=\"canonical\" href=\"https:\/\/skyaviation.aero\/tr\/mollymawk\/\" \/>\n<meta property=\"og:locale\" content=\"tr_TR\" \/>\n<meta property=\"og:type\" content=\"article\" \/>\n<meta property=\"og:title\" content=\"Mollymawk - Sky Aviation\" \/>\n<meta property=\"og:description\" content=\"Dear Wing Friends, As Sky Aviation, we continue to work with our high standards to strengthen our wingmates in the Assessment and Type Rated Process and bring them one step closer to their dreams. We would like to tell you about an exciting development: We now serve as the only authorized exam center of the\" \/>\n<meta property=\"og:url\" content=\"https:\/\/skyaviation.aero\/tr\/mollymawk\/\" \/>\n<meta property=\"og:site_name\" content=\"Sky Aviation\" \/>\n<meta property=\"article:modified_time\" content=\"2025-11-03T10:45:02+00:00\" \/>\n<meta name=\"twitter:card\" content=\"summary_large_image\" \/>\n<meta name=\"twitter:label1\" content=\"Tahmini okuma s\u00fcresi\" \/>\n\t<meta name=\"twitter:data1\" content=\"4 dakika\" \/>\n<script type=\"application\/ld+json\" class=\"yoast-schema-graph\">{\"@context\":\"https:\/\/schema.org\",\"@graph\":[{\"@type\":\"WebPage\",\"@id\":\"https:\/\/skyaviation.aero\/mollymawk\/\",\"url\":\"https:\/\/skyaviation.aero\/mollymawk\/\",\"name\":\"Mollymawk - Sky Aviation\",\"isPartOf\":{\"@id\":\"https:\/\/skyaviation.aero\/#website\"},\"datePublished\":\"2023-10-13T13:04:19+00:00\",\"dateModified\":\"2025-11-03T10:45:02+00:00\",\"breadcrumb\":{\"@id\":\"https:\/\/skyaviation.aero\/mollymawk\/#breadcrumb\"},\"inLanguage\":\"tr\",\"potentialAction\":[{\"@type\":\"ReadAction\",\"target\":[\"https:\/\/skyaviation.aero\/mollymawk\/\"]}]},{\"@type\":\"BreadcrumbList\",\"@id\":\"https:\/\/skyaviation.aero\/mollymawk\/#breadcrumb\",\"itemListElement\":[{\"@type\":\"ListItem\",\"position\":1,\"name\":\"Home\",\"item\":\"https:\/\/skyaviation.aero\/\"},{\"@type\":\"ListItem\",\"position\":2,\"name\":\"Mollymawk\"}]},{\"@type\":\"WebSite\",\"@id\":\"https:\/\/skyaviation.aero\/#website\",\"url\":\"https:\/\/skyaviation.aero\/\",\"name\":\"Sky Aviation\",\"description\":\"Private Jet &amp; Charter\",\"publisher\":{\"@id\":\"https:\/\/skyaviation.aero\/#organization\"},\"potentialAction\":[{\"@type\":\"SearchAction\",\"target\":{\"@type\":\"EntryPoint\",\"urlTemplate\":\"https:\/\/skyaviation.aero\/?s={search_term_string}\"},\"query-input\":{\"@type\":\"PropertyValueSpecification\",\"valueRequired\":true,\"valueName\":\"search_term_string\"}}],\"inLanguage\":\"tr\"},{\"@type\":\"Organization\",\"@id\":\"https:\/\/skyaviation.aero\/#organization\",\"name\":\"Sky Aviation\",\"url\":\"https:\/\/skyaviation.aero\/\",\"logo\":{\"@type\":\"ImageObject\",\"inLanguage\":\"tr\",\"@id\":\"https:\/\/skyaviation.aero\/#\/schema\/logo\/image\/\",\"url\":\"https:\/\/skyaviation.aero\/wp-content\/uploads\/2023\/06\/sky-dark-logo.jpg\",\"contentUrl\":\"https:\/\/skyaviation.aero\/wp-content\/uploads\/2023\/06\/sky-dark-logo.jpg\",\"width\":510,\"height\":510,\"caption\":\"Sky Aviation\"},\"image\":{\"@id\":\"https:\/\/skyaviation.aero\/#\/schema\/logo\/image\/\"},\"sameAs\":[\"https:\/\/www.instagram.com\/skyaviation.aero\/\",\"https:\/\/www.linkedin.com\/company\/skyaviationaero\"]}]}<\/script>\n<!-- \/ Yoast SEO plugin. -->","yoast_head_json":{"title":"Mollymawk - Sky Aviation","robots":{"index":"index","follow":"follow","max-snippet":"max-snippet:-1","max-image-preview":"max-image-preview:large","max-video-preview":"max-video-preview:-1"},"canonical":"https:\/\/skyaviation.aero\/tr\/mollymawk\/","og_locale":"tr_TR","og_type":"article","og_title":"Mollymawk - Sky Aviation","og_description":"Dear Wing Friends, As Sky Aviation, we continue to work with our high standards to strengthen our wingmates in the Assessment and Type Rated Process and bring them one step closer to their dreams. We would like to tell you about an exciting development: We now serve as the only authorized exam center of the","og_url":"https:\/\/skyaviation.aero\/tr\/mollymawk\/","og_site_name":"Sky Aviation","article_modified_time":"2025-11-03T10:45:02+00:00","twitter_card":"summary_large_image","twitter_misc":{"Tahmini okuma s\u00fcresi":"4 dakika"},"schema":{"@context":"https:\/\/schema.org","@graph":[{"@type":"WebPage","@id":"https:\/\/skyaviation.aero\/mollymawk\/","url":"https:\/\/skyaviation.aero\/mollymawk\/","name":"Mollymawk - Sky Aviation","isPartOf":{"@id":"https:\/\/skyaviation.aero\/#website"},"datePublished":"2023-10-13T13:04:19+00:00","dateModified":"2025-11-03T10:45:02+00:00","breadcrumb":{"@id":"https:\/\/skyaviation.aero\/mollymawk\/#breadcrumb"},"inLanguage":"tr","potentialAction":[{"@type":"ReadAction","target":["https:\/\/skyaviation.aero\/mollymawk\/"]}]},{"@type":"BreadcrumbList","@id":"https:\/\/skyaviation.aero\/mollymawk\/#breadcrumb","itemListElement":[{"@type":"ListItem","position":1,"name":"Home","item":"https:\/\/skyaviation.aero\/"},{"@type":"ListItem","position":2,"name":"Mollymawk"}]},{"@type":"WebSite","@id":"https:\/\/skyaviation.aero\/#website","url":"https:\/\/skyaviation.aero\/","name":"Sky Aviation","description":"Private Jet &amp; Charter","publisher":{"@id":"https:\/\/skyaviation.aero\/#organization"},"potentialAction":[{"@type":"SearchAction","target":{"@type":"EntryPoint","urlTemplate":"https:\/\/skyaviation.aero\/?s={search_term_string}"},"query-input":{"@type":"PropertyValueSpecification","valueRequired":true,"valueName":"search_term_string"}}],"inLanguage":"tr"},{"@type":"Organization","@id":"https:\/\/skyaviation.aero\/#organization","name":"Sky Aviation","url":"https:\/\/skyaviation.aero\/","logo":{"@type":"ImageObject","inLanguage":"tr","@id":"https:\/\/skyaviation.aero\/#\/schema\/logo\/image\/","url":"https:\/\/skyaviation.aero\/wp-content\/uploads\/2023\/06\/sky-dark-logo.jpg","contentUrl":"https:\/\/skyaviation.aero\/wp-content\/uploads\/2023\/06\/sky-dark-logo.jpg","width":510,"height":510,"caption":"Sky Aviation"},"image":{"@id":"https:\/\/skyaviation.aero\/#\/schema\/logo\/image\/"},"sameAs":["https:\/\/www.instagram.com\/skyaviation.aero\/","https:\/\/www.linkedin.com\/company\/skyaviationaero"]}]}},"_links":{"self":[{"href":"https:\/\/skyaviation.aero\/tr\/wp-json\/wp\/v2\/pages\/5696","targetHints":{"allow":["GET"]}}],"collection":[{"href":"https:\/\/skyaviation.aero\/tr\/wp-json\/wp\/v2\/pages"}],"about":[{"href":"https:\/\/skyaviation.aero\/tr\/wp-json\/wp\/v2\/types\/page"}],"author":[{"embeddable":true,"href":"https:\/\/skyaviation.aero\/tr\/wp-json\/wp\/v2\/users\/2"}],"replies":[{"embeddable":true,"href":"https:\/\/skyaviation.aero\/tr\/wp-json\/wp\/v2\/comments?post=5696"}],"version-history":[{"count":55,"href":"https:\/\/skyaviation.aero\/tr\/wp-json\/wp\/v2\/pages\/5696\/revisions"}],"predecessor-version":[{"id":6824,"href":"https:\/\/skyaviation.aero\/tr\/wp-json\/wp\/v2\/pages\/5696\/revisions\/6824"}],"wp:attachment":[{"href":"https:\/\/skyaviation.aero\/tr\/wp-json\/wp\/v2\/media?parent=5696"}],"curies":[{"name":"wp","href":"https:\/\/api.w.org\/{rel}","templated":true}]}}