{"id":5139,"date":"2023-06-15T22:44:01","date_gmt":"2023-06-15T22:44:01","guid":{"rendered":"https:\/\/skyaviation.aero\/?page_id=5139"},"modified":"2025-05-28T09:31:04","modified_gmt":"2025-05-28T09:31:04","slug":"cargo-charters","status":"publish","type":"page","link":"https:\/\/skyaviation.aero\/tr\/cargo-charters\/","title":{"rendered":"Kargo U\u00e7a\u011f\u0131 Kiralama"},"content":{"rendered":"<div data-elementor-type=\"wp-page\" data-elementor-id=\"5139\" class=\"elementor elementor-5139\">\n\t\t\t\t\t\t<div class=\"elementor-section elementor-top-section elementor-element elementor-element-47b60d50 elementor-section-stretched elementor-section-boxed elementor-section-height-default elementor-section-height-default\" data-id=\"47b60d50\" data-element_type=\"section\" data-settings=\"{&quot;stretch_section&quot;:&quot;section-stretched&quot;}\">\n\t\t\t\t\t\t<div class=\"elementor-container elementor-column-gap-default\">\n\t\t\t\t\t<div class=\"elementor-column elementor-col-100 elementor-top-column elementor-element elementor-element-65e8f6e6\" data-id=\"65e8f6e6\" data-element_type=\"column\">\n\t\t\t<div class=\"elementor-widget-wrap elementor-element-populated\">\n\t\t\t\t\t\t<section class=\"elementor-section elementor-inner-section elementor-element elementor-element-67511f6f elementor-section-boxed elementor-section-height-default elementor-section-height-default\" data-id=\"67511f6f\" data-element_type=\"section\">\n\t\t\t\t\t\t<div class=\"elementor-container elementor-column-gap-default\">\n\t\t\t\t\t<div class=\"elementor-column elementor-col-50 elementor-inner-column elementor-element elementor-element-3041bd92\" data-id=\"3041bd92\" data-element_type=\"column\">\n\t\t\t<div class=\"elementor-widget-wrap elementor-element-populated\">\n\t\t\t\t\t\t<div class=\"elementor-element elementor-element-215dcb2a elementor-widget elementor-widget-image\" data-id=\"215dcb2a\" data-element_type=\"widget\" data-widget_type=\"image.default\">\n\t\t\t\t<div class=\"elementor-widget-container\">\n\t\t\t\t\t\t\t\t\t\t\t\t\t\t\t<img fetchpriority=\"high\" decoding=\"async\" width=\"685\" height=\"700\" src=\"https:\/\/skyaviation.aero\/wp-content\/uploads\/2023\/06\/Cargo_charter-img2.jpg\" class=\"attachment-large size-large wp-image-5142\" alt=\"\" srcset=\"https:\/\/skyaviation.aero\/wp-content\/uploads\/2023\/06\/Cargo_charter-img2.jpg 685w, https:\/\/skyaviation.aero\/wp-content\/uploads\/2023\/06\/Cargo_charter-img2-294x300.jpg 294w, https:\/\/skyaviation.aero\/wp-content\/uploads\/2023\/06\/Cargo_charter-img2-600x613.jpg 600w\" sizes=\"(max-width: 685px) 100vw, 685px\" \/>\t\t\t\t\t\t\t\t\t\t\t\t\t\t\t<\/div>\n\t\t\t\t<\/div>\n\t\t\t\t<div class=\"elementor-element elementor-element-522d52a0 elementor-absolute elementor-hidden-tablet elementor-hidden-mobile elementor-widget elementor-widget-flynext-empty-dib-widget\" data-id=\"522d52a0\" data-element_type=\"widget\" data-settings=\"{&quot;_position&quot;:&quot;absolute&quot;}\" data-widget_type=\"flynext-empty-dib-widget.default\">\n\t\t\t\t<div class=\"elementor-widget-container\">\n\t\t\t\t\t        <div class=\"shape\"><\/div>\r\n        \t\t\t\t<\/div>\n\t\t\t\t<\/div>\n\t\t\t\t\t<\/div>\n\t\t<\/div>\n\t\t\t\t<div class=\"elementor-column elementor-col-50 elementor-inner-column elementor-element elementor-element-38c36b35\" data-id=\"38c36b35\" data-element_type=\"column\">\n\t\t\t<div class=\"elementor-widget-wrap elementor-element-populated\">\n\t\t\t\t\t\t<div class=\"elementor-element elementor-element-41a2673e elementor-widget elementor-widget-flynext-theme-heading-title-one-widget\" data-id=\"41a2673e\" data-element_type=\"widget\" data-widget_type=\"flynext-theme-heading-title-one-widget.default\">\n\t\t\t\t<div class=\"elementor-widget-container\">\n\t\t\t\t\t        <div class=\"theme-heading-title\" style=\"text-align:left\">\r\n            <div class=\"subtitle\">\r\n                                Your Ride in The Sky!                            <\/div>\r\n            <h3 class=\"title\">\r\n                Kargo U\u00e7a\u011f\u0131 Kiralama            <\/h3>\r\n            <p><\/p>        <\/div>\r\n        \t\t\t\t<\/div>\n\t\t\t\t<\/div>\n\t\t\t\t<div class=\"elementor-element elementor-element-c11a23d elementor-widget elementor-widget-text-editor\" data-id=\"c11a23d\" data-element_type=\"widget\" data-widget_type=\"text-editor.default\">\n\t\t\t\t<div class=\"elementor-widget-container\">\n\t\t\t\t\t\t\t\t\t<div class=\"wpb_text_column wpb_content_element\"><div class=\"wpb_wrapper\"><p>Y\u00fck\u00fcn\u00fcz\u00fc h\u0131zl\u0131 ve g\u00fcvenli bir \u015fekilde ta\u015f\u0131man\u0131z gerekiyorsa, deneyimli hava komisyoncular\u0131m\u0131z sizin i\u00e7in do\u011fru \u00e7\u00f6z\u00fcm\u00fc bulabilir. Sky Aviation, petrol ve gazdan otomobil ve deniz \u00fcr\u00fcnleri end\u00fcstrilerine kadar \u00e7ok say\u0131da end\u00fcstri i\u00e7in kargo u\u00e7u\u015flar\u0131 d\u00fczenlemektedir. Ayr\u0131ca insani acil durumlar ve savunma te\u00e7hizat\u0131 i\u00e7in kargo u\u00e7u\u015flar\u0131 d\u00fczenliyoruz. Hi\u00e7bir g\u00f6rev bizim i\u00e7in \u00e7ok b\u00fcy\u00fck veya \u00e7ok k\u00fc\u00e7\u00fck de\u011fildir.<\/p><p>Talepleriniz ister k\u0131sa mesafeli, ister uzun mesafeli veya burundan y\u00fckleyici gerektiren garip \u015fekilli kargolar\u0131 ta\u015f\u0131ma ihtiyac\u0131 olsun, talepleriniz i\u00e7in do\u011fru u\u00e7a\u011fa sahibiz.<\/p><p>Hava ta\u015f\u0131mac\u0131l\u0131\u011f\u0131 end\u00fcstrisindeki g\u00fc\u00e7l\u00fc varl\u0131\u011f\u0131m\u0131z\u0131 s\u00fcrd\u00fcrd\u00fck ve m\u00fc\u015fterilerimizin ihtiya\u00e7lar\u0131n\u0131n artan taleplerini kar\u015f\u0131lamak i\u00e7in filomuzu geni\u015fletiyoruz. Y\u00fck\u00fcn\u00fcz\u00fc h\u0131zl\u0131 bir \u015fekilde ta\u015f\u0131man\u0131z gerekiyorsa, zaman \u00e7izelgenizi kar\u015f\u0131lama esnekli\u011fine sahibiz.<\/p><\/div><\/div><div class=\"wpb_text_column wpb_content_element\"><div class=\"wpb_wrapper\"><p>Hava arac\u0131lar\u0131m\u0131z haftan\u0131n yedi g\u00fcn\u00fc, g\u00fcn\u00fcn 24 saati hizmetinizdedir. \u0130htiya\u00e7lar\u0131n\u0131za uygun bir \u00e7\u00f6z\u00fcm bulmak i\u00e7in geni\u015f ileti\u015fim a\u011f\u0131m\u0131z\u0131 kullanmaya her zaman haz\u0131r\u0131z.<\/p><p>Ba\u011flay\u0131c\u0131 olmayan bir teklif i\u00e7in bize ula\u015f\u0131n! Bize e-posta ile ula\u015fabilirsiniz.\u00a0<a href=\"mailto:sales@skyaviation.aero\">sales@skyaviation.aero<\/a>\u00a0or call us at\u00a0<a href=\"tel:(844) SKY-AERO\">(844) SKY-AERO<\/a><\/p><\/div><\/div>\t\t\t\t\t\t\t\t<\/div>\n\t\t\t\t<\/div>\n\t\t\t\t\t<\/div>\n\t\t<\/div>\n\t\t\t\t\t<\/div>\n\t\t<\/section>\n\t\t\t\t\t<\/div>\n\t\t<\/div>\n\t\t\t\t\t<\/div>\n\t\t<\/div>\n\t\t\t\t<div class=\"elementor-section elementor-top-section elementor-element elementor-element-b2e06b9 elementor-section-stretched elementor-section-boxed elementor-section-height-default elementor-section-height-default\" data-id=\"b2e06b9\" data-element_type=\"section\" data-settings=\"{&quot;stretch_section&quot;:&quot;section-stretched&quot;,&quot;background_background&quot;:&quot;video&quot;,&quot;background_video_link&quot;:&quot;https:\\\/\\\/skyaviation.aero\\\/wp-content\\\/uploads\\\/2025\\\/05\\\/jet-karma.mp4&quot;}\">\n\t\t\t\t\t\t\t\t<div class=\"elementor-background-video-container elementor-hidden-mobile\">\n\t\t\t\t\t\t\t\t\t\t\t\t\t<video class=\"elementor-background-video-hosted elementor-html5-video\" autoplay muted playsinline loop><\/video>\n\t\t\t\t\t\t\t\t\t\t\t<\/div>\n\t\t\t\t\t\t\t\t\t<div class=\"elementor-background-overlay\"><\/div>\n\t\t\t\t\t\t\t<div class=\"elementor-container elementor-column-gap-default\">\n\t\t\t\t\t<div class=\"elementor-column elementor-col-100 elementor-top-column elementor-element elementor-element-88add12\" data-id=\"88add12\" data-element_type=\"column\">\n\t\t\t<div class=\"elementor-widget-wrap elementor-element-populated\">\n\t\t\t\t\t\t<div class=\"elementor-element elementor-element-5a759ec elementor-widget elementor-widget-image\" data-id=\"5a759ec\" data-element_type=\"widget\" data-widget_type=\"image.default\">\n\t\t\t\t<div class=\"elementor-widget-container\">\n\t\t\t\t\t\t\t\t\t\t\t\t\t\t\t<img decoding=\"async\" width=\"740\" height=\"260\" src=\"https:\/\/skyaviation.aero\/wp-content\/uploads\/2025\/02\/skycargocharter-color-768x270.png\" class=\"attachment-medium_large size-medium_large wp-image-5812\" alt=\"\" srcset=\"https:\/\/skyaviation.aero\/wp-content\/uploads\/2025\/02\/skycargocharter-color-768x270.png 768w, https:\/\/skyaviation.aero\/wp-content\/uploads\/2025\/02\/skycargocharter-color-300x106.png 300w, https:\/\/skyaviation.aero\/wp-content\/uploads\/2025\/02\/skycargocharter-color-1024x360.png 1024w, https:\/\/skyaviation.aero\/wp-content\/uploads\/2025\/02\/skycargocharter-color-1536x540.png 1536w, https:\/\/skyaviation.aero\/wp-content\/uploads\/2025\/02\/skycargocharter-color-2048x721.png 2048w, https:\/\/skyaviation.aero\/wp-content\/uploads\/2025\/02\/skycargocharter-color-18x6.png 18w\" sizes=\"(max-width: 740px) 100vw, 740px\" \/>\t\t\t\t\t\t\t\t\t\t\t\t\t\t\t<\/div>\n\t\t\t\t<\/div>\n\t\t\t\t<div class=\"elementor-element elementor-element-fbb9f05 elementor-widget elementor-widget-text-editor\" data-id=\"fbb9f05\" data-element_type=\"widget\" data-widget_type=\"text-editor.default\">\n\t\t\t\t<div class=\"elementor-widget-container\">\n\t\t\t\t\t\t\t\t\t<p style=\"text-align: left;\"><span style=\"color: #ffffff;\">Ready for more control and advanced features? Discover Sky Charter \u2013 our powerful online platform offering real-time quotes, advanced cargo management features, multi-leg flight management, instant booking, and secure online payments. Perfect for&nbsp; businesses, and brokers.<\/span><\/p>\t\t\t\t\t\t\t\t<\/div>\n\t\t\t\t<\/div>\n\t\t\t\t<div class=\"elementor-element elementor-element-12cbbd6 elementor-align-left elementor-widget elementor-widget-button\" data-id=\"12cbbd6\" data-element_type=\"widget\" data-widget_type=\"button.default\">\n\t\t\t\t<div class=\"elementor-widget-container\">\n\t\t\t\t\t\t\t\t\t<div class=\"elementor-button-wrapper\">\n\t\t\t\t\t<a class=\"elementor-button elementor-button-link elementor-size-sm\" href=\"https:\/\/skyaviation.aero\/tr\/sky-aviation-suite\/\">\n\t\t\t\t\t\t<span class=\"elementor-button-content-wrapper\">\n\t\t\t\t\t\t<span class=\"elementor-button-icon\">\n\t\t\t\t<i aria-hidden=\"true\" class=\"icomoon icomoon-btn-icon-v2\"><\/i>\t\t\t<\/span>\n\t\t\t\t\t\t\t\t\t<span class=\"elementor-button-text\">Explore the Sky Cargo Charter Platform<\/span>\n\t\t\t\t\t<\/span>\n\t\t\t\t\t<\/a>\n\t\t\t\t<\/div>\n\t\t\t\t\t\t\t\t<\/div>\n\t\t\t\t<\/div>\n\t\t\t\t\t<\/div>\n\t\t<\/div>\n\t\t\t\t\t<\/div>\n\t\t<\/div>\n\t\t\t\t<\/div>","protected":false},"excerpt":{"rendered":"<p>Your Ride in The Sky! Cargo Charters If you need to transport your freight quickly and safely, our experienced air brokers can find the right solution for you. Sky Aviation arranges cargo flights for a large number of industries, ranging from oil and gas to the automobile and seafood industries. We also arrange cargo flights<\/p>","protected":false},"author":2,"featured_media":0,"parent":0,"menu_order":0,"comment_status":"closed","ping_status":"closed","template":"","meta":{"_blockly_fonts_attr":"","footnotes":""},"class_list":["post-5139","page","type-page","status-publish","hentry"],"yoast_head":"<!-- This site is optimized with the Yoast SEO plugin v24.8.1 - https:\/\/yoast.com\/wordpress\/plugins\/seo\/ -->\n<title>Cargo Charters - Sky Aviation<\/title>\n<meta name=\"robots\" content=\"index, follow, max-snippet:-1, max-image-preview:large, max-video-preview:-1\" \/>\n<link rel=\"canonical\" href=\"https:\/\/skyaviation.aero\/tr\/cargo-charters\/\" \/>\n<meta property=\"og:locale\" content=\"tr_TR\" \/>\n<meta property=\"og:type\" content=\"article\" \/>\n<meta property=\"og:title\" content=\"Cargo Charters - Sky Aviation\" \/>\n<meta property=\"og:description\" content=\"Your Ride in The Sky! Cargo Charters If you need to transport your freight quickly and safely, our experienced air brokers can find the right solution for you. Sky Aviation arranges cargo flights for a large number of industries, ranging from oil and gas to the automobile and seafood industries. We also arrange cargo flights\" \/>\n<meta property=\"og:url\" content=\"https:\/\/skyaviation.aero\/tr\/cargo-charters\/\" \/>\n<meta property=\"og:site_name\" content=\"Sky Aviation\" \/>\n<meta property=\"article:modified_time\" content=\"2025-05-28T09:31:04+00:00\" \/>\n<meta property=\"og:image\" content=\"https:\/\/skyaviation.aero\/wp-content\/uploads\/2023\/06\/Cargo_charter-img2.jpg\" \/>\n\t<meta property=\"og:image:width\" content=\"685\" \/>\n\t<meta property=\"og:image:height\" content=\"700\" \/>\n\t<meta property=\"og:image:type\" content=\"image\/jpeg\" \/>\n<meta name=\"twitter:card\" content=\"summary_large_image\" \/>\n<meta name=\"twitter:label1\" content=\"Tahmini okuma s\u00fcresi\" \/>\n\t<meta name=\"twitter:data1\" content=\"2 dakika\" \/>\n<script type=\"application\/ld+json\" class=\"yoast-schema-graph\">{\"@context\":\"https:\/\/schema.org\",\"@graph\":[{\"@type\":\"WebPage\",\"@id\":\"https:\/\/skyaviation.aero\/cargo-charters\/\",\"url\":\"https:\/\/skyaviation.aero\/cargo-charters\/\",\"name\":\"Cargo Charters - Sky Aviation\",\"isPartOf\":{\"@id\":\"https:\/\/skyaviation.aero\/#website\"},\"primaryImageOfPage\":{\"@id\":\"https:\/\/skyaviation.aero\/cargo-charters\/#primaryimage\"},\"image\":{\"@id\":\"https:\/\/skyaviation.aero\/cargo-charters\/#primaryimage\"},\"thumbnailUrl\":\"https:\/\/skyaviation.aero\/wp-content\/uploads\/2023\/06\/Cargo_charter-img2.jpg\",\"datePublished\":\"2023-06-15T22:44:01+00:00\",\"dateModified\":\"2025-05-28T09:31:04+00:00\",\"breadcrumb\":{\"@id\":\"https:\/\/skyaviation.aero\/cargo-charters\/#breadcrumb\"},\"inLanguage\":\"tr\",\"potentialAction\":[{\"@type\":\"ReadAction\",\"target\":[\"https:\/\/skyaviation.aero\/cargo-charters\/\"]}]},{\"@type\":\"ImageObject\",\"inLanguage\":\"tr\",\"@id\":\"https:\/\/skyaviation.aero\/cargo-charters\/#primaryimage\",\"url\":\"https:\/\/skyaviation.aero\/wp-content\/uploads\/2023\/06\/Cargo_charter-img2.jpg\",\"contentUrl\":\"https:\/\/skyaviation.aero\/wp-content\/uploads\/2023\/06\/Cargo_charter-img2.jpg\"},{\"@type\":\"BreadcrumbList\",\"@id\":\"https:\/\/skyaviation.aero\/cargo-charters\/#breadcrumb\",\"itemListElement\":[{\"@type\":\"ListItem\",\"position\":1,\"name\":\"Home\",\"item\":\"https:\/\/skyaviation.aero\/\"},{\"@type\":\"ListItem\",\"position\":2,\"name\":\"Cargo Charters\"}]},{\"@type\":\"WebSite\",\"@id\":\"https:\/\/skyaviation.aero\/#website\",\"url\":\"https:\/\/skyaviation.aero\/\",\"name\":\"Sky Aviation\",\"description\":\"Private Jet &amp; Charter\",\"publisher\":{\"@id\":\"https:\/\/skyaviation.aero\/#organization\"},\"potentialAction\":[{\"@type\":\"SearchAction\",\"target\":{\"@type\":\"EntryPoint\",\"urlTemplate\":\"https:\/\/skyaviation.aero\/?s={search_term_string}\"},\"query-input\":{\"@type\":\"PropertyValueSpecification\",\"valueRequired\":true,\"valueName\":\"search_term_string\"}}],\"inLanguage\":\"tr\"},{\"@type\":\"Organization\",\"@id\":\"https:\/\/skyaviation.aero\/#organization\",\"name\":\"Sky Aviation\",\"url\":\"https:\/\/skyaviation.aero\/\",\"logo\":{\"@type\":\"ImageObject\",\"inLanguage\":\"tr\",\"@id\":\"https:\/\/skyaviation.aero\/#\/schema\/logo\/image\/\",\"url\":\"https:\/\/skyaviation.aero\/wp-content\/uploads\/2023\/06\/sky-dark-logo.jpg\",\"contentUrl\":\"https:\/\/skyaviation.aero\/wp-content\/uploads\/2023\/06\/sky-dark-logo.jpg\",\"width\":510,\"height\":510,\"caption\":\"Sky Aviation\"},\"image\":{\"@id\":\"https:\/\/skyaviation.aero\/#\/schema\/logo\/image\/\"},\"sameAs\":[\"https:\/\/www.instagram.com\/skyaviation.aero\/\",\"https:\/\/www.linkedin.com\/company\/skyaviationaero\"]}]}<\/script>\n<!-- \/ Yoast SEO plugin. -->","yoast_head_json":{"title":"Cargo Charters - Sky Aviation","robots":{"index":"index","follow":"follow","max-snippet":"max-snippet:-1","max-image-preview":"max-image-preview:large","max-video-preview":"max-video-preview:-1"},"canonical":"https:\/\/skyaviation.aero\/tr\/cargo-charters\/","og_locale":"tr_TR","og_type":"article","og_title":"Cargo Charters - Sky Aviation","og_description":"Your Ride in The Sky! Cargo Charters If you need to transport your freight quickly and safely, our experienced air brokers can find the right solution for you. Sky Aviation arranges cargo flights for a large number of industries, ranging from oil and gas to the automobile and seafood industries. We also arrange cargo flights","og_url":"https:\/\/skyaviation.aero\/tr\/cargo-charters\/","og_site_name":"Sky Aviation","article_modified_time":"2025-05-28T09:31:04+00:00","og_image":[{"width":685,"height":700,"url":"https:\/\/skyaviation.aero\/wp-content\/uploads\/2023\/06\/Cargo_charter-img2.jpg","type":"image\/jpeg"}],"twitter_card":"summary_large_image","twitter_misc":{"Tahmini okuma s\u00fcresi":"2 dakika"},"schema":{"@context":"https:\/\/schema.org","@graph":[{"@type":"WebPage","@id":"https:\/\/skyaviation.aero\/cargo-charters\/","url":"https:\/\/skyaviation.aero\/cargo-charters\/","name":"Cargo Charters - Sky Aviation","isPartOf":{"@id":"https:\/\/skyaviation.aero\/#website"},"primaryImageOfPage":{"@id":"https:\/\/skyaviation.aero\/cargo-charters\/#primaryimage"},"image":{"@id":"https:\/\/skyaviation.aero\/cargo-charters\/#primaryimage"},"thumbnailUrl":"https:\/\/skyaviation.aero\/wp-content\/uploads\/2023\/06\/Cargo_charter-img2.jpg","datePublished":"2023-06-15T22:44:01+00:00","dateModified":"2025-05-28T09:31:04+00:00","breadcrumb":{"@id":"https:\/\/skyaviation.aero\/cargo-charters\/#breadcrumb"},"inLanguage":"tr","potentialAction":[{"@type":"ReadAction","target":["https:\/\/skyaviation.aero\/cargo-charters\/"]}]},{"@type":"ImageObject","inLanguage":"tr","@id":"https:\/\/skyaviation.aero\/cargo-charters\/#primaryimage","url":"https:\/\/skyaviation.aero\/wp-content\/uploads\/2023\/06\/Cargo_charter-img2.jpg","contentUrl":"https:\/\/skyaviation.aero\/wp-content\/uploads\/2023\/06\/Cargo_charter-img2.jpg"},{"@type":"BreadcrumbList","@id":"https:\/\/skyaviation.aero\/cargo-charters\/#breadcrumb","itemListElement":[{"@type":"ListItem","position":1,"name":"Home","item":"https:\/\/skyaviation.aero\/"},{"@type":"ListItem","position":2,"name":"Cargo Charters"}]},{"@type":"WebSite","@id":"https:\/\/skyaviation.aero\/#website","url":"https:\/\/skyaviation.aero\/","name":"Sky Aviation","description":"Private Jet &amp; Charter","publisher":{"@id":"https:\/\/skyaviation.aero\/#organization"},"potentialAction":[{"@type":"SearchAction","target":{"@type":"EntryPoint","urlTemplate":"https:\/\/skyaviation.aero\/?s={search_term_string}"},"query-input":{"@type":"PropertyValueSpecification","valueRequired":true,"valueName":"search_term_string"}}],"inLanguage":"tr"},{"@type":"Organization","@id":"https:\/\/skyaviation.aero\/#organization","name":"Sky Aviation","url":"https:\/\/skyaviation.aero\/","logo":{"@type":"ImageObject","inLanguage":"tr","@id":"https:\/\/skyaviation.aero\/#\/schema\/logo\/image\/","url":"https:\/\/skyaviation.aero\/wp-content\/uploads\/2023\/06\/sky-dark-logo.jpg","contentUrl":"https:\/\/skyaviation.aero\/wp-content\/uploads\/2023\/06\/sky-dark-logo.jpg","width":510,"height":510,"caption":"Sky Aviation"},"image":{"@id":"https:\/\/skyaviation.aero\/#\/schema\/logo\/image\/"},"sameAs":["https:\/\/www.instagram.com\/skyaviation.aero\/","https:\/\/www.linkedin.com\/company\/skyaviationaero"]}]}},"_links":{"self":[{"href":"https:\/\/skyaviation.aero\/tr\/wp-json\/wp\/v2\/pages\/5139","targetHints":{"allow":["GET"]}}],"collection":[{"href":"https:\/\/skyaviation.aero\/tr\/wp-json\/wp\/v2\/pages"}],"about":[{"href":"https:\/\/skyaviation.aero\/tr\/wp-json\/wp\/v2\/types\/page"}],"author":[{"embeddable":true,"href":"https:\/\/skyaviation.aero\/tr\/wp-json\/wp\/v2\/users\/2"}],"replies":[{"embeddable":true,"href":"https:\/\/skyaviation.aero\/tr\/wp-json\/wp\/v2\/comments?post=5139"}],"version-history":[{"count":40,"href":"https:\/\/skyaviation.aero\/tr\/wp-json\/wp\/v2\/pages\/5139\/revisions"}],"predecessor-version":[{"id":6420,"href":"https:\/\/skyaviation.aero\/tr\/wp-json\/wp\/v2\/pages\/5139\/revisions\/6420"}],"wp:attachment":[{"href":"https:\/\/skyaviation.aero\/tr\/wp-json\/wp\/v2\/media?parent=5139"}],"curies":[{"name":"wp","href":"https:\/\/api.w.org\/{rel}","templated":true}]}}