{"id":5131,"date":"2023-06-15T22:41:34","date_gmt":"2023-06-15T22:41:34","guid":{"rendered":"https:\/\/skyaviation.aero\/?page_id=5131"},"modified":"2025-05-29T10:18:19","modified_gmt":"2025-05-29T10:18:19","slug":"air-ambulance","status":"publish","type":"page","link":"https:\/\/skyaviation.aero\/tr\/air-ambulance\/","title":{"rendered":"Hava Ambulans"},"content":{"rendered":"<div data-elementor-type=\"wp-page\" data-elementor-id=\"5131\" class=\"elementor elementor-5131\">\n\t\t\t\t\t\t<div class=\"elementor-section elementor-top-section elementor-element elementor-element-47b60d50 elementor-section-stretched elementor-section-boxed elementor-section-height-default elementor-section-height-default\" data-id=\"47b60d50\" data-element_type=\"section\" data-settings=\"{&quot;stretch_section&quot;:&quot;section-stretched&quot;}\">\n\t\t\t\t\t\t<div class=\"elementor-container elementor-column-gap-default\">\n\t\t\t\t\t<div class=\"elementor-column elementor-col-100 elementor-top-column elementor-element elementor-element-65e8f6e6\" data-id=\"65e8f6e6\" data-element_type=\"column\">\n\t\t\t<div class=\"elementor-widget-wrap elementor-element-populated\">\n\t\t\t\t\t\t<section class=\"elementor-section elementor-inner-section elementor-element elementor-element-67511f6f elementor-section-boxed elementor-section-height-default elementor-section-height-default\" data-id=\"67511f6f\" data-element_type=\"section\">\n\t\t\t\t\t\t<div class=\"elementor-container elementor-column-gap-default\">\n\t\t\t\t\t<div class=\"elementor-column elementor-col-50 elementor-inner-column elementor-element elementor-element-3041bd92\" data-id=\"3041bd92\" data-element_type=\"column\">\n\t\t\t<div class=\"elementor-widget-wrap elementor-element-populated\">\n\t\t\t\t\t\t<div class=\"elementor-element elementor-element-215dcb2a elementor-widget elementor-widget-image\" data-id=\"215dcb2a\" data-element_type=\"widget\" data-widget_type=\"image.default\">\n\t\t\t\t<div class=\"elementor-widget-container\">\n\t\t\t\t\t\t\t\t\t\t\t\t\t\t\t<img fetchpriority=\"high\" decoding=\"async\" width=\"570\" height=\"520\" src=\"https:\/\/skyaviation.aero\/wp-content\/uploads\/2021\/11\/ambulance-jet-inside-1.jpg\" class=\"attachment-large size-large wp-image-3763\" alt=\"\" srcset=\"https:\/\/skyaviation.aero\/wp-content\/uploads\/2021\/11\/ambulance-jet-inside-1.jpg 570w, https:\/\/skyaviation.aero\/wp-content\/uploads\/2021\/11\/ambulance-jet-inside-1-300x274.jpg 300w\" sizes=\"(max-width: 570px) 100vw, 570px\" \/>\t\t\t\t\t\t\t\t\t\t\t\t\t\t\t<\/div>\n\t\t\t\t<\/div>\n\t\t\t\t<div class=\"elementor-element elementor-element-522d52a0 elementor-absolute elementor-hidden-tablet elementor-hidden-mobile elementor-widget elementor-widget-flynext-empty-dib-widget\" data-id=\"522d52a0\" data-element_type=\"widget\" data-settings=\"{&quot;_position&quot;:&quot;absolute&quot;}\" data-widget_type=\"flynext-empty-dib-widget.default\">\n\t\t\t\t<div class=\"elementor-widget-container\">\n\t\t\t\t\t        <div class=\"shape\"><\/div>\r\n        \t\t\t\t<\/div>\n\t\t\t\t<\/div>\n\t\t\t\t\t<\/div>\n\t\t<\/div>\n\t\t\t\t<div class=\"elementor-column elementor-col-50 elementor-inner-column elementor-element elementor-element-38c36b35\" data-id=\"38c36b35\" data-element_type=\"column\">\n\t\t\t<div class=\"elementor-widget-wrap elementor-element-populated\">\n\t\t\t\t\t\t<div class=\"elementor-element elementor-element-41a2673e elementor-widget elementor-widget-flynext-theme-heading-title-one-widget\" data-id=\"41a2673e\" data-element_type=\"widget\" data-widget_type=\"flynext-theme-heading-title-one-widget.default\">\n\t\t\t\t<div class=\"elementor-widget-container\">\n\t\t\t\t\t        <div class=\"theme-heading-title\" style=\"text-align:left\">\r\n            <div class=\"subtitle\">\r\n                                Hava Ambulans Hakk\u0131nda                            <\/div>\r\n            <h3 class=\"title\">\r\n                Hava Ambulans            <\/h3>\r\n            <p><\/p>        <\/div>\r\n        \t\t\t\t<\/div>\n\t\t\t\t<\/div>\n\t\t\t\t<div class=\"elementor-element elementor-element-c11a23d elementor-widget elementor-widget-text-editor\" data-id=\"c11a23d\" data-element_type=\"widget\" data-widget_type=\"text-editor.default\">\n\t\t\t\t<div class=\"elementor-widget-container\">\n\t\t\t\t\t\t\t\t\t<p>T\u0131bbi acil bir durumda h\u0131zl\u0131 ve g\u00fcvenli ula\u015f\u0131m i\u00e7in Sky Aviation'\u0131n y\u00fcksek kaliteli hava ambulans\u0131 kiralama hizmetlerine g\u00fcvenebilirsiniz. Beklenmedik bir acil durum, profesyonel bir t\u0131bbi ekip ve ekipman\u0131n garantili kullan\u0131labilirli\u011fi ile birlikte acil ve uzman yard\u0131m\u0131 gerektirir.<a href=\"mailto:sales@skyaviation.aero\">\u00a0for your requests\u00a0<\/a><\/p>\t\t\t\t\t\t\t\t<\/div>\n\t\t\t\t<\/div>\n\t\t\t\t\t<\/div>\n\t\t<\/div>\n\t\t\t\t\t<\/div>\n\t\t<\/section>\n\t\t\t\t\t<\/div>\n\t\t<\/div>\n\t\t\t\t\t<\/div>\n\t\t<\/div>\n\t\t\t\t<\/div>","protected":false},"excerpt":{"rendered":"<p>About Air Ambulance Air Ambulance You can rely on Sky Aviation\u2019s high quality air ambulance charter services for quick and safe transport in the case of a medical emergency situation. An unexpected emergency calls for immediate and expert assistance, along with the assured availability of a professional medical team and equipment.\u00a0for your requests\u00a0<\/p>","protected":false},"author":2,"featured_media":0,"parent":0,"menu_order":0,"comment_status":"closed","ping_status":"closed","template":"","meta":{"_blockly_fonts_attr":"","footnotes":""},"class_list":["post-5131","page","type-page","status-publish","hentry"],"yoast_head":"<!-- This site is optimized with the Yoast SEO plugin v24.8.1 - https:\/\/yoast.com\/wordpress\/plugins\/seo\/ -->\n<title>Air Ambulance - Sky Aviation<\/title>\n<meta name=\"robots\" content=\"index, follow, max-snippet:-1, max-image-preview:large, max-video-preview:-1\" \/>\n<link rel=\"canonical\" href=\"https:\/\/skyaviation.aero\/tr\/air-ambulance\/\" \/>\n<meta property=\"og:locale\" content=\"tr_TR\" \/>\n<meta property=\"og:type\" content=\"article\" \/>\n<meta property=\"og:title\" content=\"Air Ambulance - Sky Aviation\" \/>\n<meta property=\"og:description\" content=\"About Air Ambulance Air Ambulance You can rely on Sky Aviation\u2019s high quality air ambulance charter services for quick and safe transport in the case of a medical emergency situation. An unexpected emergency calls for immediate and expert assistance, along with the assured availability of a professional medical team and equipment.\u00a0for your requests\u00a0\" \/>\n<meta property=\"og:url\" content=\"https:\/\/skyaviation.aero\/tr\/air-ambulance\/\" \/>\n<meta property=\"og:site_name\" content=\"Sky Aviation\" \/>\n<meta property=\"article:modified_time\" content=\"2025-05-29T10:18:19+00:00\" \/>\n<meta property=\"og:image\" content=\"https:\/\/skyaviation.aero\/wp-content\/uploads\/2021\/11\/ambulance-jet-inside-1.jpg\" \/>\n\t<meta property=\"og:image:width\" content=\"570\" \/>\n\t<meta property=\"og:image:height\" content=\"520\" \/>\n\t<meta property=\"og:image:type\" content=\"image\/jpeg\" \/>\n<meta name=\"twitter:card\" content=\"summary_large_image\" \/>\n<meta name=\"twitter:label1\" content=\"Tahmini okuma s\u00fcresi\" \/>\n\t<meta name=\"twitter:data1\" content=\"1 dakika\" \/>\n<script type=\"application\/ld+json\" class=\"yoast-schema-graph\">{\"@context\":\"https:\/\/schema.org\",\"@graph\":[{\"@type\":\"WebPage\",\"@id\":\"https:\/\/skyaviation.aero\/air-ambulance\/\",\"url\":\"https:\/\/skyaviation.aero\/air-ambulance\/\",\"name\":\"Air Ambulance - Sky Aviation\",\"isPartOf\":{\"@id\":\"https:\/\/skyaviation.aero\/#website\"},\"primaryImageOfPage\":{\"@id\":\"https:\/\/skyaviation.aero\/air-ambulance\/#primaryimage\"},\"image\":{\"@id\":\"https:\/\/skyaviation.aero\/air-ambulance\/#primaryimage\"},\"thumbnailUrl\":\"https:\/\/skyaviation.aero\/wp-content\/uploads\/2021\/11\/ambulance-jet-inside-1.jpg\",\"datePublished\":\"2023-06-15T22:41:34+00:00\",\"dateModified\":\"2025-05-29T10:18:19+00:00\",\"breadcrumb\":{\"@id\":\"https:\/\/skyaviation.aero\/air-ambulance\/#breadcrumb\"},\"inLanguage\":\"tr\",\"potentialAction\":[{\"@type\":\"ReadAction\",\"target\":[\"https:\/\/skyaviation.aero\/air-ambulance\/\"]}]},{\"@type\":\"ImageObject\",\"inLanguage\":\"tr\",\"@id\":\"https:\/\/skyaviation.aero\/air-ambulance\/#primaryimage\",\"url\":\"https:\/\/skyaviation.aero\/wp-content\/uploads\/2021\/11\/ambulance-jet-inside-1.jpg\",\"contentUrl\":\"https:\/\/skyaviation.aero\/wp-content\/uploads\/2021\/11\/ambulance-jet-inside-1.jpg\"},{\"@type\":\"BreadcrumbList\",\"@id\":\"https:\/\/skyaviation.aero\/air-ambulance\/#breadcrumb\",\"itemListElement\":[{\"@type\":\"ListItem\",\"position\":1,\"name\":\"Home\",\"item\":\"https:\/\/skyaviation.aero\/\"},{\"@type\":\"ListItem\",\"position\":2,\"name\":\"Air Ambulance\"}]},{\"@type\":\"WebSite\",\"@id\":\"https:\/\/skyaviation.aero\/#website\",\"url\":\"https:\/\/skyaviation.aero\/\",\"name\":\"Sky Aviation\",\"description\":\"Private Jet &amp; Charter\",\"publisher\":{\"@id\":\"https:\/\/skyaviation.aero\/#organization\"},\"potentialAction\":[{\"@type\":\"SearchAction\",\"target\":{\"@type\":\"EntryPoint\",\"urlTemplate\":\"https:\/\/skyaviation.aero\/?s={search_term_string}\"},\"query-input\":{\"@type\":\"PropertyValueSpecification\",\"valueRequired\":true,\"valueName\":\"search_term_string\"}}],\"inLanguage\":\"tr\"},{\"@type\":\"Organization\",\"@id\":\"https:\/\/skyaviation.aero\/#organization\",\"name\":\"Sky Aviation\",\"url\":\"https:\/\/skyaviation.aero\/\",\"logo\":{\"@type\":\"ImageObject\",\"inLanguage\":\"tr\",\"@id\":\"https:\/\/skyaviation.aero\/#\/schema\/logo\/image\/\",\"url\":\"https:\/\/skyaviation.aero\/wp-content\/uploads\/2023\/06\/sky-dark-logo.jpg\",\"contentUrl\":\"https:\/\/skyaviation.aero\/wp-content\/uploads\/2023\/06\/sky-dark-logo.jpg\",\"width\":510,\"height\":510,\"caption\":\"Sky Aviation\"},\"image\":{\"@id\":\"https:\/\/skyaviation.aero\/#\/schema\/logo\/image\/\"},\"sameAs\":[\"https:\/\/www.instagram.com\/skyaviation.aero\/\",\"https:\/\/www.linkedin.com\/company\/skyaviationaero\"]}]}<\/script>\n<!-- \/ Yoast SEO plugin. -->","yoast_head_json":{"title":"Air Ambulance - Sky Aviation","robots":{"index":"index","follow":"follow","max-snippet":"max-snippet:-1","max-image-preview":"max-image-preview:large","max-video-preview":"max-video-preview:-1"},"canonical":"https:\/\/skyaviation.aero\/tr\/air-ambulance\/","og_locale":"tr_TR","og_type":"article","og_title":"Air Ambulance - Sky Aviation","og_description":"About Air Ambulance Air Ambulance You can rely on Sky Aviation\u2019s high quality air ambulance charter services for quick and safe transport in the case of a medical emergency situation. An unexpected emergency calls for immediate and expert assistance, along with the assured availability of a professional medical team and equipment.\u00a0for your requests\u00a0","og_url":"https:\/\/skyaviation.aero\/tr\/air-ambulance\/","og_site_name":"Sky Aviation","article_modified_time":"2025-05-29T10:18:19+00:00","og_image":[{"width":570,"height":520,"url":"https:\/\/skyaviation.aero\/wp-content\/uploads\/2021\/11\/ambulance-jet-inside-1.jpg","type":"image\/jpeg"}],"twitter_card":"summary_large_image","twitter_misc":{"Tahmini okuma s\u00fcresi":"1 dakika"},"schema":{"@context":"https:\/\/schema.org","@graph":[{"@type":"WebPage","@id":"https:\/\/skyaviation.aero\/air-ambulance\/","url":"https:\/\/skyaviation.aero\/air-ambulance\/","name":"Air Ambulance - Sky Aviation","isPartOf":{"@id":"https:\/\/skyaviation.aero\/#website"},"primaryImageOfPage":{"@id":"https:\/\/skyaviation.aero\/air-ambulance\/#primaryimage"},"image":{"@id":"https:\/\/skyaviation.aero\/air-ambulance\/#primaryimage"},"thumbnailUrl":"https:\/\/skyaviation.aero\/wp-content\/uploads\/2021\/11\/ambulance-jet-inside-1.jpg","datePublished":"2023-06-15T22:41:34+00:00","dateModified":"2025-05-29T10:18:19+00:00","breadcrumb":{"@id":"https:\/\/skyaviation.aero\/air-ambulance\/#breadcrumb"},"inLanguage":"tr","potentialAction":[{"@type":"ReadAction","target":["https:\/\/skyaviation.aero\/air-ambulance\/"]}]},{"@type":"ImageObject","inLanguage":"tr","@id":"https:\/\/skyaviation.aero\/air-ambulance\/#primaryimage","url":"https:\/\/skyaviation.aero\/wp-content\/uploads\/2021\/11\/ambulance-jet-inside-1.jpg","contentUrl":"https:\/\/skyaviation.aero\/wp-content\/uploads\/2021\/11\/ambulance-jet-inside-1.jpg"},{"@type":"BreadcrumbList","@id":"https:\/\/skyaviation.aero\/air-ambulance\/#breadcrumb","itemListElement":[{"@type":"ListItem","position":1,"name":"Home","item":"https:\/\/skyaviation.aero\/"},{"@type":"ListItem","position":2,"name":"Air Ambulance"}]},{"@type":"WebSite","@id":"https:\/\/skyaviation.aero\/#website","url":"https:\/\/skyaviation.aero\/","name":"Sky Aviation","description":"Private Jet &amp; Charter","publisher":{"@id":"https:\/\/skyaviation.aero\/#organization"},"potentialAction":[{"@type":"SearchAction","target":{"@type":"EntryPoint","urlTemplate":"https:\/\/skyaviation.aero\/?s={search_term_string}"},"query-input":{"@type":"PropertyValueSpecification","valueRequired":true,"valueName":"search_term_string"}}],"inLanguage":"tr"},{"@type":"Organization","@id":"https:\/\/skyaviation.aero\/#organization","name":"Sky Aviation","url":"https:\/\/skyaviation.aero\/","logo":{"@type":"ImageObject","inLanguage":"tr","@id":"https:\/\/skyaviation.aero\/#\/schema\/logo\/image\/","url":"https:\/\/skyaviation.aero\/wp-content\/uploads\/2023\/06\/sky-dark-logo.jpg","contentUrl":"https:\/\/skyaviation.aero\/wp-content\/uploads\/2023\/06\/sky-dark-logo.jpg","width":510,"height":510,"caption":"Sky Aviation"},"image":{"@id":"https:\/\/skyaviation.aero\/#\/schema\/logo\/image\/"},"sameAs":["https:\/\/www.instagram.com\/skyaviation.aero\/","https:\/\/www.linkedin.com\/company\/skyaviationaero"]}]}},"_links":{"self":[{"href":"https:\/\/skyaviation.aero\/tr\/wp-json\/wp\/v2\/pages\/5131","targetHints":{"allow":["GET"]}}],"collection":[{"href":"https:\/\/skyaviation.aero\/tr\/wp-json\/wp\/v2\/pages"}],"about":[{"href":"https:\/\/skyaviation.aero\/tr\/wp-json\/wp\/v2\/types\/page"}],"author":[{"embeddable":true,"href":"https:\/\/skyaviation.aero\/tr\/wp-json\/wp\/v2\/users\/2"}],"replies":[{"embeddable":true,"href":"https:\/\/skyaviation.aero\/tr\/wp-json\/wp\/v2\/comments?post=5131"}],"version-history":[{"count":25,"href":"https:\/\/skyaviation.aero\/tr\/wp-json\/wp\/v2\/pages\/5131\/revisions"}],"predecessor-version":[{"id":6447,"href":"https:\/\/skyaviation.aero\/tr\/wp-json\/wp\/v2\/pages\/5131\/revisions\/6447"}],"wp:attachment":[{"href":"https:\/\/skyaviation.aero\/tr\/wp-json\/wp\/v2\/media?parent=5131"}],"curies":[{"name":"wp","href":"https:\/\/api.w.org\/{rel}","templated":true}]}}