{"id":5016,"date":"2021-11-17T03:42:22","date_gmt":"2021-11-17T03:42:22","guid":{"rendered":"https:\/\/themeim.com\/wp\/flynext\/?page_id=13"},"modified":"2025-09-04T14:02:37","modified_gmt":"2025-09-04T14:02:37","slug":"contacts","status":"publish","type":"page","link":"https:\/\/skyaviation.aero\/tr\/contacts\/","title":{"rendered":"\u0130leti\u015fim"},"content":{"rendered":"<div data-elementor-type=\"wp-page\" data-elementor-id=\"5016\" class=\"elementor elementor-5016\">\n\t\t\t\t\t\t<div class=\"elementor-section elementor-top-section elementor-element elementor-element-d2346b7 elementor-section-stretched elementor-section-boxed elementor-section-height-default elementor-section-height-default\" data-id=\"d2346b7\" data-element_type=\"section\" data-settings=\"{&quot;stretch_section&quot;:&quot;section-stretched&quot;}\">\n\t\t\t\t\t\t<div class=\"elementor-container elementor-column-gap-default\">\n\t\t\t\t\t<div class=\"elementor-column elementor-col-100 elementor-top-column elementor-element elementor-element-440af23\" data-id=\"440af23\" data-element_type=\"column\">\n\t\t\t<div class=\"elementor-widget-wrap elementor-element-populated\">\n\t\t\t\t\t\t<div class=\"elementor-section elementor-inner-section elementor-element elementor-element-eba4c7b elementor-section-boxed elementor-section-height-default elementor-section-height-default\" data-id=\"eba4c7b\" data-element_type=\"section\">\n\t\t\t\t\t\t<div class=\"elementor-container elementor-column-gap-default\">\n\t\t\t\t\t<div class=\"elementor-column elementor-col-50 elementor-inner-column elementor-element elementor-element-de54cb3\" data-id=\"de54cb3\" data-element_type=\"column\">\n\t\t\t<div class=\"elementor-widget-wrap elementor-element-populated\">\n\t\t\t\t\t\t<div class=\"elementor-element elementor-element-3d63beb elementor-widget elementor-widget-google_maps\" data-id=\"3d63beb\" data-element_type=\"widget\" data-widget_type=\"google_maps.default\">\n\t\t\t\t<div class=\"elementor-widget-container\">\n\t\t\t\t\t\t\t<div class=\"elementor-custom-embed\">\n\t\t\t<iframe loading=\"lazy\"\n\t\t\t\t\tsrc=\"https:\/\/maps.google.com\/maps?q=Altunizade%20Mah.%20Oymaci%20Sok.%20No%3A16%2F1%20Uskudar%2C%20Istanbul%2034662%20TURKEY&#038;t=m&#038;z=15&#038;output=embed&#038;iwloc=near\"\n\t\t\t\t\ttitle=\"Altunizade Mah. Oymaci Sok. No:16\/1 Uskudar, Istanbul 34662 TURKEY\"\n\t\t\t\t\taria-label=\"Altunizade Mah. Oymaci Sok. No:16\/1 Uskudar, Istanbul 34662 TURKEY\"\n\t\t\t><\/iframe>\n\t\t<\/div>\n\t\t\t\t\t\t<\/div>\n\t\t\t\t<\/div>\n\t\t\t\t\t<\/div>\n\t\t<\/div>\n\t\t\t\t<div class=\"elementor-column elementor-col-50 elementor-inner-column elementor-element elementor-element-ba36891\" data-id=\"ba36891\" data-element_type=\"column\">\n\t\t\t<div class=\"elementor-widget-wrap elementor-element-populated\">\n\t\t\t\t\t\t<div class=\"elementor-element elementor-element-acbb24b elementor-widget elementor-widget-flynext-theme-heading-title-one-widget\" data-id=\"acbb24b\" data-element_type=\"widget\" data-widget_type=\"flynext-theme-heading-title-one-widget.default\">\n\t\t\t\t<div class=\"elementor-widget-container\">\n\t\t\t\t\t        <div class=\"theme-heading-title\" style=\"text-align:left\">\r\n            <div class=\"subtitle\">\r\n                                7\/24 Service                            <\/div>\r\n            <h3 class=\"title\">\r\n                \u0130leti\u015fime Ge\u00e7            <\/h3>\r\n            <p>Sky Aviation, \u00f6zel jet, hava kargo kiralama, \u00f6zel helikopter ve sim\u00fclat\u00f6r hizmetleri sunmaktad\u0131r. D\u00fcnya \u00e7ap\u0131nda binlerce u\u00e7a\u011fa eri\u015fim ile t\u00fcm u\u00e7u\u015flar\u0131 biz y\u00f6netiyoruz.<\/p>        <\/div>\r\n        \t\t\t\t<\/div>\n\t\t\t\t<\/div>\n\t\t\t\t<div class=\"elementor-element elementor-element-4ea9b2b elementor-widget elementor-widget-flynext-contact-Info-List-one-widget\" data-id=\"4ea9b2b\" data-element_type=\"widget\" data-widget_type=\"flynext-contact-Info-List-one-widget.default\">\n\t\t\t\t<div class=\"elementor-widget-container\">\n\t\t\t\t\t        <div class=\"contact-info-list-wrapper\">\n            <div class=\"single-contact-item\">\n                <div class=\"icon\">\n                    <i aria-hidden=\"true\" class=\"flaticon flaticon-travel\"><\/i>                <\/div>\n                <div class=\"content\">\n                    <h4 class=\"title\">Global Charter Sat\u0131\u015flar\u0131<\/h4>\n                    <span class=\"details\">+90 (546) 520-6890<\/span><span class=\"details\">sales@skyaviation.aero<\/span>                <\/div>\n            <\/div>\n        <\/div>\n\n        \t\t\t\t<\/div>\n\t\t\t\t<\/div>\n\t\t\t\t<div class=\"elementor-element elementor-element-c4f3985 elementor-widget elementor-widget-flynext-contact-Info-List-one-widget\" data-id=\"c4f3985\" data-element_type=\"widget\" data-widget_type=\"flynext-contact-Info-List-one-widget.default\">\n\t\t\t\t<div class=\"elementor-widget-container\">\n\t\t\t\t\t        <div class=\"contact-info-list-wrapper\">\n            <div class=\"single-contact-item\">\n                <div class=\"icon\">\n                    <i aria-hidden=\"true\" class=\"flaticon flaticon-phone\"><\/i>                <\/div>\n                <div class=\"content\">\n                    <h4 class=\"title\">Sim\u00fclat\u00f6r &amp; Mollymawk Departman\u0131<\/h4>\n                    <span class=\"details\">+90 (216) 651-2376<\/span><span class=\"details\">+90 (530) 261-7273<\/span><span class=\"details\">sim@skyaviation.aero<\/span><span class=\"details\">mollymawk@skyaviation.aero<\/span>                <\/div>\n            <\/div>\n        <\/div>\n\n        \t\t\t\t<\/div>\n\t\t\t\t<\/div>\n\t\t\t\t\t<\/div>\n\t\t<\/div>\n\t\t\t\t\t<\/div>\n\t\t<\/div>\n\t\t\t\t\t<\/div>\n\t\t<\/div>\n\t\t\t\t\t<\/div>\n\t\t<\/div>\n\t\t\t\t<div class=\"elementor-section elementor-top-section elementor-element elementor-element-7aa3454 elementor-section-stretched elementor-section-boxed elementor-section-height-default elementor-section-height-default\" data-id=\"7aa3454\" data-element_type=\"section\" data-settings=\"{&quot;stretch_section&quot;:&quot;section-stretched&quot;,&quot;background_background&quot;:&quot;classic&quot;}\">\n\t\t\t\t\t\t<div class=\"elementor-container elementor-column-gap-default\">\n\t\t\t\t\t<div class=\"elementor-column elementor-col-100 elementor-top-column elementor-element elementor-element-110272e\" data-id=\"110272e\" data-element_type=\"column\">\n\t\t\t<div class=\"elementor-widget-wrap elementor-element-populated\">\n\t\t\t\t\t\t<div class=\"elementor-section elementor-inner-section elementor-element elementor-element-bd92a9a elementor-section-boxed elementor-section-height-default elementor-section-height-default\" data-id=\"bd92a9a\" data-element_type=\"section\">\n\t\t\t\t\t\t<div class=\"elementor-container elementor-column-gap-default\">\n\t\t\t\t\t<div class=\"elementor-column elementor-col-50 elementor-inner-column elementor-element elementor-element-e2563c9\" data-id=\"e2563c9\" data-element_type=\"column\">\n\t\t\t<div class=\"elementor-widget-wrap elementor-element-populated\">\n\t\t\t\t\t\t<div class=\"elementor-element elementor-element-b1f59dd elementor-widget elementor-widget-heading\" data-id=\"b1f59dd\" data-element_type=\"widget\" data-widget_type=\"heading.default\">\n\t\t\t\t<div class=\"elementor-widget-container\">\n\t\t\t\t\t<span class=\"elementor-heading-title elementor-size-default\">\u0130leti\u015fime Ge\u00e7in<\/span>\t\t\t\t<\/div>\n\t\t\t\t<\/div>\n\t\t\t\t<div class=\"elementor-element elementor-element-1cd3c29 elementor-widget-tablet__width-auto elementor-widget elementor-widget-heading\" data-id=\"1cd3c29\" data-element_type=\"widget\" data-widget_type=\"heading.default\">\n\t\t\t\t<div class=\"elementor-widget-container\">\n\t\t\t\t\t<h3 class=\"elementor-heading-title elementor-size-default\">Bir Sorunuz Mu Var?<\/h3>\t\t\t\t<\/div>\n\t\t\t\t<\/div>\n\t\t\t\t<div class=\"elementor-element elementor-element-a99a116 elementor-widget elementor-widget-heading\" data-id=\"a99a116\" data-element_type=\"widget\" data-widget_type=\"heading.default\">\n\t\t\t\t<div class=\"elementor-widget-container\">\n\t\t\t\t\t<p class=\"elementor-heading-title elementor-size-default\">Daha fazla bilgi i\u00e7in +90 (216) 651 23 76 numaral\u0131 telefonu aray\u0131n veya bize bir hat b\u0131rak\u0131n.<\/p>\t\t\t\t<\/div>\n\t\t\t\t<\/div>\n\t\t\t\t<div class=\"elementor-element elementor-element-603375c elementor-shape-circle e-grid-align-left elementor-grid-0 elementor-widget elementor-widget-social-icons\" data-id=\"603375c\" data-element_type=\"widget\" data-widget_type=\"social-icons.default\">\n\t\t\t\t<div class=\"elementor-widget-container\">\n\t\t\t\t\t\t\t<div class=\"elementor-social-icons-wrapper elementor-grid\">\n\t\t\t\t\t\t\t<span class=\"elementor-grid-item\">\n\t\t\t\t\t<a class=\"elementor-icon elementor-social-icon elementor-social-icon-facebook-f elementor-repeater-item-5751355\" href=\"https:\/\/www.facebook.com\/skyaviation.aero\" target=\"_blank\">\n\t\t\t\t\t\t<span class=\"elementor-screen-only\">Facebook-f<\/span>\n\t\t\t\t\t\t<i class=\"fab fa-facebook-f\"><\/i>\t\t\t\t\t<\/a>\n\t\t\t\t<\/span>\n\t\t\t\t\t\t\t<span class=\"elementor-grid-item\">\n\t\t\t\t\t<a class=\"elementor-icon elementor-social-icon elementor-social-icon-twitter elementor-repeater-item-2252259\" href=\"https:\/\/twitter.com\/skyaviationaero\" target=\"_blank\">\n\t\t\t\t\t\t<span class=\"elementor-screen-only\">Twitter<\/span>\n\t\t\t\t\t\t<i class=\"fab fa-twitter\"><\/i>\t\t\t\t\t<\/a>\n\t\t\t\t<\/span>\n\t\t\t\t\t\t\t<span class=\"elementor-grid-item\">\n\t\t\t\t\t<a class=\"elementor-icon elementor-social-icon elementor-social-icon-instagram elementor-repeater-item-a58e428\" href=\"https:\/\/www.instagram.com\/skyaviation.aero\/\" target=\"_blank\">\n\t\t\t\t\t\t<span class=\"elementor-screen-only\">Instagram<\/span>\n\t\t\t\t\t\t<i class=\"fab fa-instagram\"><\/i>\t\t\t\t\t<\/a>\n\t\t\t\t<\/span>\n\t\t\t\t\t\t\t<span class=\"elementor-grid-item\">\n\t\t\t\t\t<a class=\"elementor-icon elementor-social-icon elementor-social-icon-pinterest elementor-repeater-item-bcc03fd\" href=\"https:\/\/www.pinterest.com\/skyaviationaero\" target=\"_blank\">\n\t\t\t\t\t\t<span class=\"elementor-screen-only\">Pinterest<\/span>\n\t\t\t\t\t\t<i class=\"fab fa-pinterest\"><\/i>\t\t\t\t\t<\/a>\n\t\t\t\t<\/span>\n\t\t\t\t\t<\/div>\n\t\t\t\t\t\t<\/div>\n\t\t\t\t<\/div>\n\t\t\t\t\t<\/div>\n\t\t<\/div>\n\t\t\t\t<div class=\"elementor-column elementor-col-50 elementor-inner-column elementor-element elementor-element-309525f\" data-id=\"309525f\" data-element_type=\"column\">\n\t\t\t<div class=\"elementor-widget-wrap elementor-element-populated\">\n\t\t\t\t\t\t<div class=\"elementor-element elementor-element-15cb8a8 elementor-widget elementor-widget-shortcode\" data-id=\"15cb8a8\" data-element_type=\"widget\" data-widget_type=\"shortcode.default\">\n\t\t\t\t<div class=\"elementor-widget-container\">\n\t\t\t\t\t\t\t<div class=\"elementor-shortcode\">\n<div class=\"wpcf7 no-js\" id=\"wpcf7-f5283-o1\" lang=\"en-US\" dir=\"ltr\" data-wpcf7-id=\"5283\">\n<div class=\"screen-reader-response\"><p role=\"status\" aria-live=\"polite\" aria-atomic=\"true\"><\/p> <ul><\/ul><\/div>\n<form action=\"\/tr\/wp-json\/wp\/v2\/pages\/5016#wpcf7-f5283-o1\" method=\"post\" class=\"wpcf7-form init\" aria-label=\"Contact form\" novalidate=\"novalidate\" data-status=\"init\" data-trp-original-action=\"\/tr\/wp-json\/wp\/v2\/pages\/5016#wpcf7-f5283-o1\">\n<div style=\"display: none;\">\n<input type=\"hidden\" name=\"_wpcf7\" value=\"5283\" \/>\n<input type=\"hidden\" name=\"_wpcf7_version\" value=\"6.0.5\" \/>\n<input type=\"hidden\" name=\"_wpcf7_locale\" value=\"en_US\" \/>\n<input type=\"hidden\" name=\"_wpcf7_unit_tag\" value=\"wpcf7-f5283-o1\" \/>\n<input type=\"hidden\" name=\"_wpcf7_container_post\" value=\"0\" \/>\n<input type=\"hidden\" name=\"_wpcf7_posted_data_hash\" value=\"\" \/>\n<input type=\"hidden\" name=\"_wpcf7_recaptcha_response\" value=\"\" \/>\n<\/div>\n<div class=\"book-form\">\n                            <div class=\"row justify-content-center mb-20-none\">\n                                <div class=\"col-xl-6 col-lg-6 form-group\">\n                                    <div class=\"book-form-icon\">\n                                        <i class=\"flaticon-user-2\"><\/i>\n                                    <\/div>\n                                    <span class=\"wpcf7-form-control-wrap\" data-name=\"ad\"><input size=\"40\" maxlength=\"400\" class=\"wpcf7-form-control wpcf7-text wpcf7-validates-as-required form--control\" aria-required=\"true\" aria-invalid=\"false\" placeholder=\"Ad*\" value=\"\" type=\"text\" name=\"ad\" \/><\/span>\n                                <\/div>\n                                <div class=\"col-xl-6 col-lg-6 form-group\">\n                                    <div class=\"book-form-icon\">\n                                       <i class=\"flaticon-email\"><\/i>\n                                    <\/div>\n                                    <span class=\"wpcf7-form-control-wrap\" data-name=\"email\"><input size=\"40\" maxlength=\"400\" class=\"wpcf7-form-control wpcf7-email wpcf7-validates-as-required wpcf7-text wpcf7-validates-as-email form--control\" aria-required=\"true\" aria-invalid=\"false\" placeholder=\"Email*\" value=\"\" type=\"email\" name=\"email\" \/><\/span>\n                                <\/div>\n                                <div class=\"col-xl-6 col-lg-6 form-group\">\n                                    <div class=\"book-form-icon\">\n                                         <i class=\"flaticon-phone\"><\/i>\n                                    <\/div>\n                                    <span class=\"wpcf7-form-control-wrap\" data-name=\"phone\"><input size=\"40\" maxlength=\"400\" class=\"wpcf7-form-control wpcf7-tel wpcf7-validates-as-required wpcf7-text wpcf7-validates-as-tel form--control\" aria-required=\"true\" aria-invalid=\"false\" placeholder=\"Tel*\" value=\"\" type=\"tel\" name=\"phone\" \/><\/span>\n                                <\/div>\n                                <div class=\"col-xl-6 col-lg-6 form-group\">\n                                    <div class=\"book-form-icon\">\n                                         <i class=\"flaticon-user\"><\/i>\n                                    <\/div>\n                                    <span class=\"wpcf7-form-control-wrap\" data-name=\"text\"><input size=\"40\" maxlength=\"400\" class=\"wpcf7-form-control wpcf7-tel wpcf7-validates-as-required wpcf7-text wpcf7-validates-as-tel form--control\" aria-required=\"true\" aria-invalid=\"false\" placeholder=\"Subject*\" value=\"\" type=\"tel\" name=\"text\" \/><\/span>\n                                <\/div>\n                                <div class=\"col-lg-12 form-group\">\n                                         <div class=\"book-form-icon\">\n                                            <i class=\"flaticon-pencil\"><\/i>\n                                         <\/div>\n                                        <span class=\"wpcf7-form-control-wrap\" data-name=\"message\"><textarea cols=\"40\" rows=\"10\" maxlength=\"2000\" class=\"wpcf7-form-control wpcf7-textarea wpcf7-validates-as-required form--control\" aria-required=\"true\" aria-invalid=\"false\" placeholder=\"Mesaj*\" name=\"message\"><\/textarea><\/span>\n                                    <\/div>\n                                <div class=\"col-xl-12 text-center\">\n                                    <button type=\"submit\" class=\"wpcf7-submit boxed-btn\"><i class=\"flaticon-black-plane\"><\/i>Submit<\/button>\n                                <\/div>\n                            <\/div>\n                        <\/div><div class=\"wpcf7-response-output\" aria-hidden=\"true\"><\/div>\n<input type=\"hidden\" name=\"trp-form-language\" value=\"tr\"\/><\/form>\n<\/div>\n<\/div>\n\t\t\t\t\t\t<\/div>\n\t\t\t\t<\/div>\n\t\t\t\t\t<\/div>\n\t\t<\/div>\n\t\t\t\t\t<\/div>\n\t\t<\/div>\n\t\t\t\t\t<\/div>\n\t\t<\/div>\n\t\t\t\t\t<\/div>\n\t\t<\/div>\n\t\t\t\t<\/div>","protected":false},"excerpt":{"rendered":"<p>7\/24 Service How to Contact Us? Sky Aviation offers private jet, air cargo charter, private helicopter and simulators services. With access to thousands of aircraft worldwide, we handle all flights. Global Charter Sales +90 (546) 520-6890sales@skyaviation.aero Simulator &amp; Mollymawk Department +90 (216) 651-2376+90 (530) 261-7273sim@skyaviation.aeromollymawk@skyaviation.aero Talk to us Any Question? Call +90 (216) 651 23<\/p>","protected":false},"author":2,"featured_media":0,"parent":0,"menu_order":0,"comment_status":"closed","ping_status":"closed","template":"","meta":{"_blockly_fonts_attr":"","footnotes":""},"class_list":["post-5016","page","type-page","status-publish","hentry"],"yoast_head":"<!-- This site is optimized with the Yoast SEO plugin v24.8.1 - https:\/\/yoast.com\/wordpress\/plugins\/seo\/ -->\n<title>Contacts - Sky Aviation<\/title>\n<meta name=\"robots\" content=\"index, follow, max-snippet:-1, max-image-preview:large, max-video-preview:-1\" \/>\n<link rel=\"canonical\" href=\"https:\/\/skyaviation.aero\/tr\/contacts\/\" \/>\n<meta property=\"og:locale\" content=\"tr_TR\" \/>\n<meta property=\"og:type\" content=\"article\" \/>\n<meta property=\"og:title\" content=\"Contacts - Sky Aviation\" \/>\n<meta property=\"og:description\" content=\"7\/24 Service How to Contact Us? Sky Aviation offers private jet, air cargo charter, private helicopter and simulators services. With access to thousands of aircraft worldwide, we handle all flights. Global Charter Sales +90 (546) 520-6890sales@skyaviation.aero Simulator &amp; Mollymawk Department +90 (216) 651-2376+90 (530) 261-7273sim@skyaviation.aeromollymawk@skyaviation.aero Talk to us Any Question? Call +90 (216) 651 23\" \/>\n<meta property=\"og:url\" content=\"https:\/\/skyaviation.aero\/tr\/contacts\/\" \/>\n<meta property=\"og:site_name\" content=\"Sky Aviation\" \/>\n<meta property=\"article:modified_time\" content=\"2025-09-04T14:02:37+00:00\" \/>\n<meta name=\"twitter:card\" content=\"summary_large_image\" \/>\n<meta name=\"twitter:label1\" content=\"Tahmini okuma s\u00fcresi\" \/>\n\t<meta name=\"twitter:data1\" content=\"1 dakika\" \/>\n<script type=\"application\/ld+json\" class=\"yoast-schema-graph\">{\"@context\":\"https:\/\/schema.org\",\"@graph\":[{\"@type\":\"WebPage\",\"@id\":\"https:\/\/skyaviation.aero\/contacts\/\",\"url\":\"https:\/\/skyaviation.aero\/contacts\/\",\"name\":\"Contacts - Sky Aviation\",\"isPartOf\":{\"@id\":\"https:\/\/skyaviation.aero\/#website\"},\"datePublished\":\"2021-11-17T03:42:22+00:00\",\"dateModified\":\"2025-09-04T14:02:37+00:00\",\"breadcrumb\":{\"@id\":\"https:\/\/skyaviation.aero\/contacts\/#breadcrumb\"},\"inLanguage\":\"tr\",\"potentialAction\":[{\"@type\":\"ReadAction\",\"target\":[\"https:\/\/skyaviation.aero\/contacts\/\"]}]},{\"@type\":\"BreadcrumbList\",\"@id\":\"https:\/\/skyaviation.aero\/contacts\/#breadcrumb\",\"itemListElement\":[{\"@type\":\"ListItem\",\"position\":1,\"name\":\"Home\",\"item\":\"https:\/\/skyaviation.aero\/\"},{\"@type\":\"ListItem\",\"position\":2,\"name\":\"Contacts\"}]},{\"@type\":\"WebSite\",\"@id\":\"https:\/\/skyaviation.aero\/#website\",\"url\":\"https:\/\/skyaviation.aero\/\",\"name\":\"Sky Aviation\",\"description\":\"Private Jet &amp; Charter\",\"publisher\":{\"@id\":\"https:\/\/skyaviation.aero\/#organization\"},\"potentialAction\":[{\"@type\":\"SearchAction\",\"target\":{\"@type\":\"EntryPoint\",\"urlTemplate\":\"https:\/\/skyaviation.aero\/?s={search_term_string}\"},\"query-input\":{\"@type\":\"PropertyValueSpecification\",\"valueRequired\":true,\"valueName\":\"search_term_string\"}}],\"inLanguage\":\"tr\"},{\"@type\":\"Organization\",\"@id\":\"https:\/\/skyaviation.aero\/#organization\",\"name\":\"Sky Aviation\",\"url\":\"https:\/\/skyaviation.aero\/\",\"logo\":{\"@type\":\"ImageObject\",\"inLanguage\":\"tr\",\"@id\":\"https:\/\/skyaviation.aero\/#\/schema\/logo\/image\/\",\"url\":\"https:\/\/skyaviation.aero\/wp-content\/uploads\/2023\/06\/sky-dark-logo.jpg\",\"contentUrl\":\"https:\/\/skyaviation.aero\/wp-content\/uploads\/2023\/06\/sky-dark-logo.jpg\",\"width\":510,\"height\":510,\"caption\":\"Sky Aviation\"},\"image\":{\"@id\":\"https:\/\/skyaviation.aero\/#\/schema\/logo\/image\/\"},\"sameAs\":[\"https:\/\/www.instagram.com\/skyaviation.aero\/\",\"https:\/\/www.linkedin.com\/company\/skyaviationaero\"]}]}<\/script>\n<!-- \/ Yoast SEO plugin. -->","yoast_head_json":{"title":"Contacts - Sky Aviation","robots":{"index":"index","follow":"follow","max-snippet":"max-snippet:-1","max-image-preview":"max-image-preview:large","max-video-preview":"max-video-preview:-1"},"canonical":"https:\/\/skyaviation.aero\/tr\/contacts\/","og_locale":"tr_TR","og_type":"article","og_title":"Contacts - Sky Aviation","og_description":"7\/24 Service How to Contact Us? Sky Aviation offers private jet, air cargo charter, private helicopter and simulators services. With access to thousands of aircraft worldwide, we handle all flights. Global Charter Sales +90 (546) 520-6890sales@skyaviation.aero Simulator &amp; Mollymawk Department +90 (216) 651-2376+90 (530) 261-7273sim@skyaviation.aeromollymawk@skyaviation.aero Talk to us Any Question? Call +90 (216) 651 23","og_url":"https:\/\/skyaviation.aero\/tr\/contacts\/","og_site_name":"Sky Aviation","article_modified_time":"2025-09-04T14:02:37+00:00","twitter_card":"summary_large_image","twitter_misc":{"Tahmini okuma s\u00fcresi":"1 dakika"},"schema":{"@context":"https:\/\/schema.org","@graph":[{"@type":"WebPage","@id":"https:\/\/skyaviation.aero\/contacts\/","url":"https:\/\/skyaviation.aero\/contacts\/","name":"Contacts - Sky Aviation","isPartOf":{"@id":"https:\/\/skyaviation.aero\/#website"},"datePublished":"2021-11-17T03:42:22+00:00","dateModified":"2025-09-04T14:02:37+00:00","breadcrumb":{"@id":"https:\/\/skyaviation.aero\/contacts\/#breadcrumb"},"inLanguage":"tr","potentialAction":[{"@type":"ReadAction","target":["https:\/\/skyaviation.aero\/contacts\/"]}]},{"@type":"BreadcrumbList","@id":"https:\/\/skyaviation.aero\/contacts\/#breadcrumb","itemListElement":[{"@type":"ListItem","position":1,"name":"Home","item":"https:\/\/skyaviation.aero\/"},{"@type":"ListItem","position":2,"name":"Contacts"}]},{"@type":"WebSite","@id":"https:\/\/skyaviation.aero\/#website","url":"https:\/\/skyaviation.aero\/","name":"Sky Aviation","description":"Private Jet &amp; Charter","publisher":{"@id":"https:\/\/skyaviation.aero\/#organization"},"potentialAction":[{"@type":"SearchAction","target":{"@type":"EntryPoint","urlTemplate":"https:\/\/skyaviation.aero\/?s={search_term_string}"},"query-input":{"@type":"PropertyValueSpecification","valueRequired":true,"valueName":"search_term_string"}}],"inLanguage":"tr"},{"@type":"Organization","@id":"https:\/\/skyaviation.aero\/#organization","name":"Sky Aviation","url":"https:\/\/skyaviation.aero\/","logo":{"@type":"ImageObject","inLanguage":"tr","@id":"https:\/\/skyaviation.aero\/#\/schema\/logo\/image\/","url":"https:\/\/skyaviation.aero\/wp-content\/uploads\/2023\/06\/sky-dark-logo.jpg","contentUrl":"https:\/\/skyaviation.aero\/wp-content\/uploads\/2023\/06\/sky-dark-logo.jpg","width":510,"height":510,"caption":"Sky Aviation"},"image":{"@id":"https:\/\/skyaviation.aero\/#\/schema\/logo\/image\/"},"sameAs":["https:\/\/www.instagram.com\/skyaviation.aero\/","https:\/\/www.linkedin.com\/company\/skyaviationaero"]}]}},"_links":{"self":[{"href":"https:\/\/skyaviation.aero\/tr\/wp-json\/wp\/v2\/pages\/5016","targetHints":{"allow":["GET"]}}],"collection":[{"href":"https:\/\/skyaviation.aero\/tr\/wp-json\/wp\/v2\/pages"}],"about":[{"href":"https:\/\/skyaviation.aero\/tr\/wp-json\/wp\/v2\/types\/page"}],"author":[{"embeddable":true,"href":"https:\/\/skyaviation.aero\/tr\/wp-json\/wp\/v2\/users\/2"}],"replies":[{"embeddable":true,"href":"https:\/\/skyaviation.aero\/tr\/wp-json\/wp\/v2\/comments?post=5016"}],"version-history":[{"count":30,"href":"https:\/\/skyaviation.aero\/tr\/wp-json\/wp\/v2\/pages\/5016\/revisions"}],"predecessor-version":[{"id":6471,"href":"https:\/\/skyaviation.aero\/tr\/wp-json\/wp\/v2\/pages\/5016\/revisions\/6471"}],"wp:attachment":[{"href":"https:\/\/skyaviation.aero\/tr\/wp-json\/wp\/v2\/media?parent=5016"}],"curies":[{"name":"wp","href":"https:\/\/api.w.org\/{rel}","templated":true}]}}